{"id":6830,"date":"2021-04-23T05:19:32","date_gmt":"2021-04-23T03:19:32","guid":{"rendered":"https:\/\/probm2.cti.ugal.ro\/site\/?page_id=6830"},"modified":"2022-02-01T20:37:52","modified_gmt":"2022-02-01T18:37:52","slug":"partners-and-credits","status":"publish","type":"page","link":"https:\/\/probm2.cti.ugal.ro\/site\/pl\/partners-and-credits\/","title":{"rendered":"Partnerzy I kredyty"},"content":{"rendered":"<p>[et_pb_section fb_built=&#8221;1&#8243; _builder_version=&#8221;4.9.2&#8243; _module_preset=&#8221;default&#8221; background_color=&#8221;RGBA(0,0,0,0)&#8221; background_image=&#8221;https:\/\/probm2.cti.ugal.ro\/site1\/wp-content\/uploads\/2021\/03\/partners.jpg&#8221; min_height=&#8221;33em&#8221; animation_style=&#8221;fade&#8221; animation_duration=&#8221;750ms&#8221; global_colors_info=&#8221;{}&#8221;][et_pb_row column_structure=&#8221;1_2,1_2&#8243; _builder_version=&#8221;4.9.2&#8243; _module_preset=&#8221;default&#8221; custom_padding=&#8221;5em||7em||false|false&#8221; global_colors_info=&#8221;{}&#8221;][et_pb_column type=&#8221;1_2&#8243; _builder_version=&#8221;4.9.2&#8243; _module_preset=&#8221;default&#8221; global_colors_info=&#8221;{}&#8221;][et_pb_text _builder_version=&#8221;4.9.2&#8243; _module_preset=&#8221;default&#8221; text_font=&#8221;Montserrat||||||||&#8221; text_text_color=&#8221;#e8e8e8&#8243; text_font_size=&#8221;2.2em&#8221; text_line_height=&#8221;1.6em&#8221; header_font=&#8221;Montserrat||||||||&#8221; background_color=&#8221;RGBA(0,0,0,0)&#8221; use_background_color_gradient=&#8221;on&#8221; background_color_gradient_start=&#8221;rgba(0,0,0,0.58)&#8221; background_color_gradient_end=&#8221;rgba(0,0,0,0.64)&#8221; custom_margin=&#8221;||||false|false&#8221; custom_padding=&#8221;1em|1em|1em|1em|true|true&#8221; animation_style=&#8221;zoom&#8221; animation_duration=&#8221;600ms&#8221; animation_intensity_zoom=&#8221;72%&#8221; border_radii=&#8221;on|15px|15px|15px|15px&#8221; global_colors_info=&#8221;{}&#8221;]<\/p>\n<p><strong>PARTNERZY I KREDYTY<\/strong><\/p>\n<p>[\/et_pb_text][\/et_pb_column][et_pb_column type=&#8221;1_2&#8243; _builder_version=&#8221;4.9.2&#8243; _module_preset=&#8221;default&#8221; global_colors_info=&#8221;{}&#8221;][\/et_pb_column][\/et_pb_row][\/et_pb_section][et_pb_section fb_built=&#8221;1&#8243; _builder_version=&#8221;4.9.2&#8243; _module_preset=&#8221;default&#8221; background_color=&#8221;RGBA(0,0,0,0)&#8221; use_background_color_gradient=&#8221;on&#8221; background_color_gradient_start=&#8221;rgba(0,0,0,0)&#8221; background_color_gradient_end=&#8221;rgba(0,0,0,0)&#8221; background_color_gradient_direction=&#8221;115deg&#8221; global_colors_info=&#8221;{}&#8221;][et_pb_row _builder_version=&#8221;4.9.2&#8243; _module_preset=&#8221;default&#8221; custom_padding=&#8221;3px|||||&#8221; global_colors_info=&#8221;{}&#8221;][et_pb_column type=&#8221;4_4&#8243; _builder_version=&#8221;4.9.2&#8243; _module_preset=&#8221;default&#8221; global_colors_info=&#8221;{}&#8221;][et_pb_text _builder_version=&#8221;4.9.2&#8243; _module_preset=&#8221;default&#8221; text_font=&#8221;Montserrat|600|||||||&#8221; text_line_height=&#8221;1.2em&#8221; animation_style=&#8221;slide&#8221; animation_direction=&#8221;bottom&#8221; animation_duration=&#8221;700ms&#8221; global_colors_info=&#8221;{}&#8221;]<\/p>\n<h2>Partnerstwo<\/h2>\n<p>[\/et_pb_text][\/et_pb_column][\/et_pb_row][et_pb_row _builder_version=&#8221;4.9.2&#8243; _module_preset=&#8221;default&#8221; custom_margin=&#8221;0px|auto||auto||&#8221; custom_padding=&#8221;2px|||||&#8221; animation_style=&#8221;zoom&#8221; global_colors_info=&#8221;{}&#8221;][et_pb_column type=&#8221;4_4&#8243; _builder_version=&#8221;4.9.2&#8243; _module_preset=&#8221;default&#8221; global_colors_info=&#8221;{}&#8221;][et_pb_text _builder_version=&#8221;4.9.2&#8243; _module_preset=&#8221;default&#8221; text_font=&#8221;Montserrat||||||||&#8221; text_font_size=&#8221;1em&#8221; text_line_height=&#8221;1.8em&#8221; global_colors_info=&#8221;{}&#8221;]<\/p>\n<p>Zasoby dydaktyczne zosta\u0142y opracowane w ramach projektu Erasmus + ProBM2 przez:<\/p>\n<ul>\n<li><a href=\"http:\/\/www.itee.radom.pl\" target=\"_blank\" rel=\"noopener\">\u0141UKASIEWICZ Research Network &#8211; Institute for Sustainable Technologies<\/a> &#8211; Koordynator projektu (Polska)<\/li>\n<li><a href=\"http:\/\/um.edu.mt\/create\" target=\"_blank\" rel=\"noopener\">University of Malta<\/a> (Malta)<\/li>\n<li><a href=\"https:\/\/ied.eu\/\" target=\"_blank\" rel=\"noopener\">IED &#8211; Institute for Entrepreneurship Development<\/a> (Grecja)<\/li>\n<li><a href=\"http:\/\/www.factorsocial.pt\" target=\"_blank\" rel=\"noopener\">Factor Social<\/a> (Portugalia)<\/li>\n<li><a href=\"http:\/\/www.ugal.ro\" target=\"_blank\" rel=\"noopener\">Universitatea Dunarea de Jos Din Galati<\/a> (Rumunia)<\/li>\n<li><a href=\"http:\/\/www.training2000.it\" target=\"_blank\" rel=\"noopener\">Training 2000<\/a> (W\u0142ochy)<\/li>\n<li><a href=\"http:\/\/www.supsi.ch\" target=\"_blank\" rel=\"noopener\">SUPSI \u2013 Department of Economics, Health and Social Sciences<\/a>, DEASS &#8211; Associated Partner (Szwajcaria)<\/li>\n<\/ul>\n<p>Organizacje te dzia\u0142aj\u0105 w dziedzinie kszta\u0142cenia i szkolenia zawodowego, edukacji doros\u0142ych i edukacji uniwersyteckiej.<\/p>\n<p>[\/et_pb_text][\/et_pb_column][\/et_pb_row][et_pb_row _builder_version=&#8221;4.9.2&#8243; _module_preset=&#8221;default&#8221; custom_padding=&#8221;3px|||||&#8221; global_colors_info=&#8221;{}&#8221;][et_pb_column type=&#8221;4_4&#8243; _builder_version=&#8221;4.9.2&#8243; _module_preset=&#8221;default&#8221; global_colors_info=&#8221;{}&#8221;][et_pb_text _builder_version=&#8221;4.9.2&#8243; _module_preset=&#8221;default&#8221; text_font=&#8221;Montserrat|600|||||||&#8221; text_line_height=&#8221;1.2em&#8221; custom_margin=&#8221;||-3px|||&#8221; animation_style=&#8221;slide&#8221; animation_direction=&#8221;bottom&#8221; animation_duration=&#8221;700ms&#8221; global_colors_info=&#8221;{}&#8221;]<\/p>\n<h2>Autorski<\/h2>\n<p>[\/et_pb_text][\/et_pb_column][\/et_pb_row][et_pb_row _builder_version=&#8221;4.9.2&#8243; _module_preset=&#8221;default&#8221; custom_margin=&#8221;0px|auto||auto||&#8221; custom_padding=&#8221;1px|||||&#8221; animation_style=&#8221;zoom&#8221; global_colors_info=&#8221;{}&#8221;][et_pb_column type=&#8221;4_4&#8243; _builder_version=&#8221;4.9.2&#8243; _module_preset=&#8221;default&#8221; global_colors_info=&#8221;{}&#8221;][et_pb_text _builder_version=&#8221;4.9.2&#8243; _module_preset=&#8221;default&#8221; text_font=&#8221;Montserrat||||||||&#8221; text_font_size=&#8221;1em&#8221; text_line_height=&#8221;1.8em&#8221; global_colors_info=&#8221;{}&#8221;]<\/p>\n<p>Tre\u015bci szkoleniowe dotycz\u0105ce modeli biznesowych<\/p>\n<ul>\n<li>Ludmi\u0142a Walaszczyk, Remigiusz Mazur (Polska)<\/li>\n<li>Sandra Dingli, Leonie Baldacchino, Kristina Buhagiar (Malta)<\/li>\n<li>Nuno Marques (Portugalia)<\/li>\n<li>Vaia Kiratzouli (Grecja)<\/li>\n<li>Kylene De Angelis (W\u0142ochy)<\/li>\n<li>Filippo Bignami (Szwajcaria)<\/li>\n<\/ul>\n<p>&nbsp;<\/p>\n<p>Przewodnik metodyczny dla nauczycieli doros\u0142ych<\/p>\n<ul>\n<li>Kylene De Angelis (W\u0142ochy)<\/li>\n<\/ul>\n<p>&nbsp;<\/p>\n<p>Platforma e-learningowa zawieraj\u0105ca adaptacj\u0119 tre\u015bci szkoleniowych<\/p>\n<ul>\n<li>Adina Cocu, Emilia Pecheanu, Adrian Istrate (Rumunia)<\/li>\n<\/ul>\n<p>&nbsp;<\/p>\n<p>Koordynator projektu<\/p>\n<ul>\n<li><strong>Ludmi\u0142a Walaszczyk<\/strong><\/li>\n<\/ul>\n<p>[\/et_pb_text][\/et_pb_column][\/et_pb_row][\/et_pb_section][et_pb_section fb_built=&#8221;1&#8243; _builder_version=&#8221;4.9.2&#8243; _module_preset=&#8221;default&#8221; background_color=&#8221;#848484&#8243; use_background_color_gradient=&#8221;on&#8221; background_color_gradient_start=&#8221;rgba(0,0,0,0.51)&#8221; background_color_gradient_end=&#8221;rgba(0,0,0,0.83)&#8221; custom_padding=&#8221;||0px|||&#8221; locked=&#8221;off&#8221; global_colors_info=&#8221;{}&#8221;][et_pb_row column_structure=&#8221;3_4,1_4&#8243; _builder_version=&#8221;4.9.2&#8243; _module_preset=&#8221;default&#8221; custom_padding=&#8221;6px||0px|||&#8221; animation_style=&#8221;fade&#8221; animation_duration=&#8221;600ms&#8221; locked=&#8221;off&#8221; global_colors_info=&#8221;{}&#8221;][et_pb_column type=&#8221;3_4&#8243; _builder_version=&#8221;4.9.2&#8243; _module_preset=&#8221;default&#8221; global_colors_info=&#8221;{}&#8221;][et_pb_image src=&#8221;https:\/\/probm2.cti.ugal.ro\/site1\/wp-content\/uploads\/2021\/03\/erasmus.png&#8221; _builder_version=&#8221;4.9.2&#8243; _module_preset=&#8221;default&#8221; max_width=&#8221;20em&#8221; global_colors_info=&#8221;{}&#8221;][\/et_pb_image][et_pb_text _builder_version=&#8221;4.9.2&#8243; _module_preset=&#8221;default&#8221; text_font=&#8221;Montserrat||||||||&#8221; text_text_color=&#8221;#e09900&#8243; text_font_size=&#8221;1.2em&#8221; text_line_height=&#8221;1.6em&#8221; custom_margin=&#8221;-15px|||||&#8221; global_colors_info=&#8221;{}&#8221;]<\/p>\n<p style=\"text-align: justify;\"><strong>ERASMUS+ KA2 Strategic Partnerships for adult education Poland<\/strong><br \/>\n<span style=\"font-size: 0.85em;\">Projekt \u201eZrozumienie i opracowanie modeli biznesowych w erze globalizacji\u201d (Numer 2019-1-PL01-KA204-064951) zosta\u0142 zrealizowany przy wsparciu finansowym funduszy Komisji Europejskiej w ramach programu Erasmus+. Strona internetowa oraz materia\u0142y na niej zawarte odzwierciedlaj\u0105 jedynie stanowisko jej autor\u00f3w i Komisja Europejska oraz Narodowa Agencja Programu Erasmus+ nie ponosz\u0105 odpowiedzialno\u015bci za jej zawarto\u015b\u0107 merytoryczn\u0105.<\/span><\/p>\n<p>[\/et_pb_text][\/et_pb_column][et_pb_column type=&#8221;1_4&#8243; _builder_version=&#8221;4.9.2&#8243; _module_preset=&#8221;default&#8221; global_colors_info=&#8221;{}&#8221;][et_pb_text _builder_version=&#8221;4.9.2&#8243; _module_preset=&#8221;default&#8221; text_font=&#8221;Montserrat|600|||||||&#8221; text_text_color=&#8221;#E09900&#8243; text_font_size=&#8221;1.1em&#8221; min_height=&#8221;7px&#8221; custom_padding=&#8221;1em||0px|1px|false|false&#8221; global_colors_info=&#8221;{}&#8221;]<\/p>\n<p style=\"text-align: left;\">PROJEKT<\/p>\n<p>[\/et_pb_text][et_pb_menu menu_id=&#8221;28&#8243; submenu_direction=&#8221;upwards&#8221; active_link_color=&#8221;#e0b047&#8243; admin_label=&#8221;ABOUT&#8221; _builder_version=&#8221;4.9.2&#8243; _module_preset=&#8221;default&#8221; menu_font=&#8221;Montserrat|600|||||||&#8221; menu_text_color=&#8221;#E09900&#8243; background_color=&#8221;RGBA(0,0,0,0)&#8221; text_orientation=&#8221;right&#8221; module_alignment=&#8221;left&#8221; custom_margin=&#8221;-0.5em||||false|false&#8221; global_colors_info=&#8221;{}&#8221;][\/et_pb_menu][\/et_pb_column][\/et_pb_row][et_pb_row _builder_version=&#8221;4.9.2&#8243; _module_preset=&#8221;default&#8221; global_colors_info=&#8221;{}&#8221;][et_pb_column type=&#8221;4_4&#8243; _builder_version=&#8221;4.9.2&#8243; _module_preset=&#8221;default&#8221; global_colors_info=&#8221;{}&#8221;][et_pb_text _builder_version=&#8221;4.9.2&#8243; _module_preset=&#8221;default&#8221; text_font=&#8221;Montserrat||||||||&#8221; text_text_color=&#8221;#E09900&#8243; text_font_size=&#8221;1.02em&#8221; global_colors_info=&#8221;{}&#8221;]<\/p>\n<p style=\"text-align: center;\">Copyright @2021 &#8211; <a href=\"http:\/\/businessmodels.eu\" target=\"_blank\" rel=\"noopener\" title=\"businessmodels.eu\">businessmodels.eu<\/a><\/p>\n<p>[\/et_pb_text][\/et_pb_column][\/et_pb_row][\/et_pb_section]<\/p>\n","protected":false},"excerpt":{"rendered":"<p>PARTNERZY I KREDYTYPartnerstwoZasoby dydaktyczne zosta\u0142y opracowane w ramach projektu Erasmus + ProBM2 przez: \u0141UKASIEWICZ Research Network &#8211; Institute for Sustainable Technologies &#8211; Koordynator projektu (Polska) University of Malta (Malta) IED &#8211; Institute for Entrepreneurship Development (Grecja) Factor Social (Portugalia) Universitatea Dunarea de Jos Din Galati (Rumunia) Training 2000 (W\u0142ochy) SUPSI \u2013 Department of Economics, Health [&hellip;]<\/p>\n","protected":false},"author":1,"featured_media":0,"parent":0,"menu_order":0,"comment_status":"closed","ping_status":"closed","template":"","meta":{"_et_pb_use_builder":"on","_et_pb_old_content":"","_et_gb_content_width":""},"folder":[126],"_links":{"self":[{"href":"https:\/\/probm2.cti.ugal.ro\/site\/wp-json\/wp\/v2\/pages\/6830"}],"collection":[{"href":"https:\/\/probm2.cti.ugal.ro\/site\/wp-json\/wp\/v2\/pages"}],"about":[{"href":"https:\/\/probm2.cti.ugal.ro\/site\/wp-json\/wp\/v2\/types\/page"}],"author":[{"embeddable":true,"href":"https:\/\/probm2.cti.ugal.ro\/site\/wp-json\/wp\/v2\/users\/1"}],"replies":[{"embeddable":true,"href":"https:\/\/probm2.cti.ugal.ro\/site\/wp-json\/wp\/v2\/comments?post=6830"}],"version-history":[{"count":8,"href":"https:\/\/probm2.cti.ugal.ro\/site\/wp-json\/wp\/v2\/pages\/6830\/revisions"}],"predecessor-version":[{"id":16522,"href":"https:\/\/probm2.cti.ugal.ro\/site\/wp-json\/wp\/v2\/pages\/6830\/revisions\/16522"}],"wp:attachment":[{"href":"https:\/\/probm2.cti.ugal.ro\/site\/wp-json\/wp\/v2\/media?parent=6830"}],"wp:term":[{"taxonomy":"folder","embeddable":true,"href":"https:\/\/probm2.cti.ugal.ro\/site\/wp-json\/wp\/v2\/folder?post=6830"}],"curies":[{"name":"wp","href":"https:\/\/api.w.org\/{rel}","templated":true}]}}