{"id":6891,"date":"2021-04-23T06:31:33","date_gmt":"2021-04-23T04:31:33","guid":{"rendered":"https:\/\/probm2.cti.ugal.ro\/site\/?page_id=6891"},"modified":"2022-02-01T20:34:09","modified_gmt":"2022-02-01T18:34:09","slug":"partners-and-credits","status":"publish","type":"page","link":"https:\/\/probm2.cti.ugal.ro\/site\/pt\/partners-and-credits\/","title":{"rendered":"Parceiros e cr\u00e9ditos"},"content":{"rendered":"<p>[et_pb_section fb_built=&#8221;1&#8243; _builder_version=&#8221;4.9.2&#8243; _module_preset=&#8221;default&#8221; background_color=&#8221;RGBA(0,0,0,0)&#8221; background_image=&#8221;https:\/\/probm2.cti.ugal.ro\/site1\/wp-content\/uploads\/2021\/03\/partners.jpg&#8221; min_height=&#8221;33em&#8221; animation_style=&#8221;fade&#8221; animation_duration=&#8221;750ms&#8221; global_colors_info=&#8221;{}&#8221;][et_pb_row column_structure=&#8221;1_2,1_2&#8243; _builder_version=&#8221;4.9.2&#8243; _module_preset=&#8221;default&#8221; custom_padding=&#8221;5em||7em||false|false&#8221; global_colors_info=&#8221;{}&#8221;][et_pb_column type=&#8221;1_2&#8243; _builder_version=&#8221;4.9.2&#8243; _module_preset=&#8221;default&#8221; global_colors_info=&#8221;{}&#8221;][et_pb_text _builder_version=&#8221;4.9.2&#8243; _module_preset=&#8221;default&#8221; text_font=&#8221;Montserrat||||||||&#8221; text_text_color=&#8221;#e8e8e8&#8243; text_font_size=&#8221;2.2em&#8221; text_line_height=&#8221;1.6em&#8221; header_font=&#8221;Montserrat||||||||&#8221; background_color=&#8221;RGBA(0,0,0,0)&#8221; use_background_color_gradient=&#8221;on&#8221; background_color_gradient_start=&#8221;rgba(0,0,0,0.58)&#8221; background_color_gradient_end=&#8221;rgba(0,0,0,0.64)&#8221; custom_margin=&#8221;||||false|false&#8221; custom_padding=&#8221;1em|1em|1em|1em|true|true&#8221; animation_style=&#8221;zoom&#8221; animation_duration=&#8221;600ms&#8221; animation_intensity_zoom=&#8221;72%&#8221; border_radii=&#8221;on|15px|15px|15px|15px&#8221; global_colors_info=&#8221;{}&#8221;]<\/p>\n<p><strong>PARCEIROS E CR\u00c9DITOS<\/strong><\/p>\n<p>[\/et_pb_text][\/et_pb_column][et_pb_column type=&#8221;1_2&#8243; _builder_version=&#8221;4.9.2&#8243; _module_preset=&#8221;default&#8221; global_colors_info=&#8221;{}&#8221;][\/et_pb_column][\/et_pb_row][\/et_pb_section][et_pb_section fb_built=&#8221;1&#8243; _builder_version=&#8221;4.9.2&#8243; _module_preset=&#8221;default&#8221; background_color=&#8221;RGBA(0,0,0,0)&#8221; use_background_color_gradient=&#8221;on&#8221; background_color_gradient_start=&#8221;rgba(0,0,0,0)&#8221; background_color_gradient_end=&#8221;rgba(0,0,0,0)&#8221; background_color_gradient_direction=&#8221;115deg&#8221; global_colors_info=&#8221;{}&#8221;][et_pb_row _builder_version=&#8221;4.9.2&#8243; _module_preset=&#8221;default&#8221; custom_padding=&#8221;3px|||||&#8221; global_colors_info=&#8221;{}&#8221;][et_pb_column type=&#8221;4_4&#8243; _builder_version=&#8221;4.9.2&#8243; _module_preset=&#8221;default&#8221; global_colors_info=&#8221;{}&#8221;][et_pb_text _builder_version=&#8221;4.9.2&#8243; _module_preset=&#8221;default&#8221; text_font=&#8221;Montserrat|600|||||||&#8221; text_line_height=&#8221;1.2em&#8221; animation_style=&#8221;slide&#8221; animation_direction=&#8221;bottom&#8221; animation_duration=&#8221;700ms&#8221; global_colors_info=&#8221;{}&#8221;]<\/p>\n<h2>Parceiros<\/h2>\n<p>[\/et_pb_text][\/et_pb_column][\/et_pb_row][et_pb_row _builder_version=&#8221;4.9.2&#8243; _module_preset=&#8221;default&#8221; custom_margin=&#8221;0px|auto||auto||&#8221; custom_padding=&#8221;2px|||||&#8221; animation_style=&#8221;zoom&#8221; global_colors_info=&#8221;{}&#8221;][et_pb_column type=&#8221;4_4&#8243; _builder_version=&#8221;4.9.2&#8243; _module_preset=&#8221;default&#8221; global_colors_info=&#8221;{}&#8221;][et_pb_text _builder_version=&#8221;4.9.2&#8243; _module_preset=&#8221;default&#8221; text_font=&#8221;Montserrat||||||||&#8221; text_font_size=&#8221;1em&#8221; text_line_height=&#8221;1.8em&#8221; global_colors_info=&#8221;{}&#8221;]<\/p>\n<p>Os recursos de aprendizagem foram desenvolvidos dentro do projeto Erasmus + ProBM2 por:<\/p>\n<ul>\n<li><a href=\"http:\/\/www.itee.radom.pl\" target=\"_blank\" rel=\"noopener\">\u0141UKASIEWICZ Research Network &#8211; Institute for Sustainable Technologies<\/a> &#8211; Coordenador de projeto (Pol\u00f4nia)<\/li>\n<li><a href=\"http:\/\/um.edu.mt\/create\" target=\"_blank\" rel=\"noopener\">University of Malta<\/a> (Malta)<\/li>\n<li><a href=\"https:\/\/ied.eu\/\" target=\"_blank\" rel=\"noopener\">IED &#8211; Institute for Entrepreneurship Development<\/a> (Gr\u00e9cia)<\/li>\n<li><a href=\"http:\/\/www.factorsocial.pt\" target=\"_blank\" rel=\"noopener\">Factor Social<\/a> (Portugal)<\/li>\n<li><a href=\"http:\/\/www.ugal.ro\" target=\"_blank\" rel=\"noopener\">Universitatea Dunarea de Jos Din Galati<\/a> (Rom\u00eania)<\/li>\n<li><a href=\"http:\/\/www.training2000.it\" target=\"_blank\" rel=\"noopener\">Training 2000<\/a> (It\u00e1lia)<\/li>\n<li><a href=\"http:\/\/www.supsi.ch\" target=\"_blank\" rel=\"noopener\">SUPSI \u2013 Department of Economics, Health and Social Sciences<\/a>, DEASS &#8211; S\u00f3cio Associado (Su\u00ed\u00e7a)<\/li>\n<\/ul>\n<p>Estas organiza\u00e7\u00f5es atuam na \u00e1rea de EFP, educa\u00e7\u00e3o de adultos e educa\u00e7\u00e3o universit\u00e1ria.<\/p>\n<p>[\/et_pb_text][\/et_pb_column][\/et_pb_row][et_pb_row _builder_version=&#8221;4.9.2&#8243; _module_preset=&#8221;default&#8221; custom_padding=&#8221;3px|||||&#8221; global_colors_info=&#8221;{}&#8221;][et_pb_column type=&#8221;4_4&#8243; _builder_version=&#8221;4.9.2&#8243; _module_preset=&#8221;default&#8221; global_colors_info=&#8221;{}&#8221;][et_pb_text _builder_version=&#8221;4.9.2&#8243; _module_preset=&#8221;default&#8221; text_font=&#8221;Montserrat|600|||||||&#8221; text_line_height=&#8221;1.2em&#8221; custom_margin=&#8221;||-3px|||&#8221; animation_style=&#8221;slide&#8221; animation_direction=&#8221;bottom&#8221; animation_duration=&#8221;700ms&#8221; global_colors_info=&#8221;{}&#8221;]<\/p>\n<h2>Autores<\/h2>\n<p>[\/et_pb_text][\/et_pb_column][\/et_pb_row][et_pb_row _builder_version=&#8221;4.9.2&#8243; _module_preset=&#8221;default&#8221; custom_margin=&#8221;0px|auto||auto||&#8221; custom_padding=&#8221;1px|||||&#8221; animation_style=&#8221;zoom&#8221; global_colors_info=&#8221;{}&#8221;][et_pb_column type=&#8221;4_4&#8243; _builder_version=&#8221;4.9.2&#8243; _module_preset=&#8221;default&#8221; global_colors_info=&#8221;{}&#8221;][et_pb_text _builder_version=&#8221;4.9.2&#8243; _module_preset=&#8221;default&#8221; text_font=&#8221;Montserrat||||||||&#8221; text_font_size=&#8221;1em&#8221; text_line_height=&#8221;1.8em&#8221; global_colors_info=&#8221;{}&#8221;]<\/p>\n<p>Conte\u00fado de treinamento de modelos de neg\u00f3cios<\/p>\n<ul>\n<li>Ludmi\u0142a Walaszczyk, Remigiusz Mazur (Pol\u00f4nia)<\/li>\n<li>Sandra Dingli, Leonie Baldacchino, Kristina Buhagiar (Malta)<\/li>\n<li>Nuno Marques (Portugal)<\/li>\n<li>Vaia Kiratzouli (Gr\u00e9cia)<\/li>\n<li>Kylene De Angelis (It\u00e1lia)<\/li>\n<li>Filippo Bignami (Su\u00ed\u00e7a)<\/li>\n<\/ul>\n<p>&nbsp;<\/p>\n<p>Guia metodol\u00f3gico para educadores de adultos<\/p>\n<ul>\n<li>Kylene De Angelis (It\u00e1lia)<\/li>\n<\/ul>\n<p>&nbsp;<\/p>\n<p>Plataforma de e-learning incluindo a adapta\u00e7\u00e3o do conte\u00fado de treinamento<\/p>\n<ul>\n<li>Adina Cocu, Emilia Pecheanu, Adrian Istrate (Rom\u00eania)<\/li>\n<\/ul>\n<p>&nbsp;<\/p>\n<p>Coordenador de projeto\u00a0<\/p>\n<ul>\n<li><strong>Ludmi\u0142a Walaszczyk<\/strong><\/li>\n<\/ul>\n<p>[\/et_pb_text][\/et_pb_column][\/et_pb_row][\/et_pb_section][et_pb_section fb_built=&#8221;1&#8243; _builder_version=&#8221;4.9.2&#8243; _module_preset=&#8221;default&#8221; background_color=&#8221;#848484&#8243; use_background_color_gradient=&#8221;on&#8221; background_color_gradient_start=&#8221;rgba(0,0,0,0.51)&#8221; background_color_gradient_end=&#8221;rgba(0,0,0,0.83)&#8221; custom_padding=&#8221;||0px|||&#8221; locked=&#8221;off&#8221; global_colors_info=&#8221;{}&#8221;][et_pb_row column_structure=&#8221;3_4,1_4&#8243; _builder_version=&#8221;4.9.2&#8243; _module_preset=&#8221;default&#8221; custom_padding=&#8221;6px||0px|||&#8221; animation_style=&#8221;fade&#8221; animation_duration=&#8221;600ms&#8221; locked=&#8221;off&#8221; global_colors_info=&#8221;{}&#8221;][et_pb_column type=&#8221;3_4&#8243; _builder_version=&#8221;4.9.2&#8243; _module_preset=&#8221;default&#8221; global_colors_info=&#8221;{}&#8221;][et_pb_image src=&#8221;https:\/\/probm2.cti.ugal.ro\/site1\/wp-content\/uploads\/2021\/03\/erasmus.png&#8221; _builder_version=&#8221;4.9.2&#8243; _module_preset=&#8221;default&#8221; max_width=&#8221;20em&#8221; global_colors_info=&#8221;{}&#8221;][\/et_pb_image][et_pb_text _builder_version=&#8221;4.9.2&#8243; _module_preset=&#8221;default&#8221; text_font=&#8221;Montserrat||||||||&#8221; text_text_color=&#8221;#e09900&#8243; text_font_size=&#8221;1.2em&#8221; text_line_height=&#8221;1.6em&#8221; custom_margin=&#8221;-15px|||||&#8221; global_colors_info=&#8221;{}&#8221;]<\/p>\n<p style=\"text-align: justify;\"><strong>ERASMUS+ KA2 Strategic Partnerships for adult education Poland<\/strong><br \/>\n<span style=\"font-size: 0.85em;\">Este projeto recebeu financiamento da Comiss\u00e3o Europeia no \u00e2mbito do programa Erasmus + \u201cEntender e Desenvolver Modelos de Neg\u00f3cio na Era da Globaliza\u00e7\u00e3o\u201d (No.2019-1-PL01-KA204-064951). O apoio da Comiss\u00e3o Europeia \u00e0 produ\u00e7\u00e3o desta publica\u00e7\u00e3o n\u00e3o constitui um aval do seu conte\u00fado, que reflete unicamente o ponto de vista dos autores, e a Comiss\u00e3o n\u00e3o pode ser considerada respons\u00e1vel por eventuais utiliza\u00e7\u00f5es que possam ser feitas com as informa\u00e7\u00f5es nela contidas.<\/span><\/p>\n<p>[\/et_pb_text][\/et_pb_column][et_pb_column type=&#8221;1_4&#8243; _builder_version=&#8221;4.9.2&#8243; _module_preset=&#8221;default&#8221; global_colors_info=&#8221;{}&#8221;][et_pb_text _builder_version=&#8221;4.9.2&#8243; _module_preset=&#8221;default&#8221; text_font=&#8221;Montserrat|600|||||||&#8221; text_text_color=&#8221;#E09900&#8243; text_font_size=&#8221;1.1em&#8221; min_height=&#8221;7px&#8221; custom_padding=&#8221;1em||0px|1px|false|false&#8221; global_colors_info=&#8221;{}&#8221;]<\/p>\n<p style=\"text-align: left;\">PROJETO E CR\u00c9DITOS<\/p>\n<p>[\/et_pb_text][et_pb_menu menu_id=&#8221;28&#8243; submenu_direction=&#8221;upwards&#8221; active_link_color=&#8221;#e0b047&#8243; admin_label=&#8221;ABOUT&#8221; _builder_version=&#8221;4.9.2&#8243; _module_preset=&#8221;default&#8221; menu_font=&#8221;Montserrat|600|||||||&#8221; menu_text_color=&#8221;#E09900&#8243; background_color=&#8221;RGBA(0,0,0,0)&#8221; text_orientation=&#8221;right&#8221; module_alignment=&#8221;left&#8221; custom_margin=&#8221;-0.5em||||false|false&#8221; global_colors_info=&#8221;{}&#8221;][\/et_pb_menu][\/et_pb_column][\/et_pb_row][et_pb_row _builder_version=&#8221;4.9.2&#8243; _module_preset=&#8221;default&#8221; global_colors_info=&#8221;{}&#8221;][et_pb_column type=&#8221;4_4&#8243; _builder_version=&#8221;4.9.2&#8243; _module_preset=&#8221;default&#8221; global_colors_info=&#8221;{}&#8221;][et_pb_text _builder_version=&#8221;4.9.2&#8243; _module_preset=&#8221;default&#8221; text_font=&#8221;Montserrat||||||||&#8221; text_text_color=&#8221;#E09900&#8243; text_font_size=&#8221;1.02em&#8221; global_colors_info=&#8221;{}&#8221;]<\/p>\n<p style=\"text-align: center;\">Copyright @2021 &#8211; <a href=\"http:\/\/businessmodels.eu\" target=\"_blank\" rel=\"noopener\" title=\"businessmodels.eu\">businessmodels.eu<\/a><\/p>\n<p>[\/et_pb_text][\/et_pb_column][\/et_pb_row][\/et_pb_section]<\/p>\n","protected":false},"excerpt":{"rendered":"<p>PARCEIROS E CR\u00c9DITOSParceirosOs recursos de aprendizagem foram desenvolvidos dentro do projeto Erasmus + ProBM2 por: \u0141UKASIEWICZ Research Network &#8211; Institute for Sustainable Technologies &#8211; Coordenador de projeto (Pol\u00f4nia) University of Malta (Malta) IED &#8211; Institute for Entrepreneurship Development (Gr\u00e9cia) Factor Social (Portugal) Universitatea Dunarea de Jos Din Galati (Rom\u00eania) Training 2000 (It\u00e1lia) SUPSI \u2013 Department [&hellip;]<\/p>\n","protected":false},"author":1,"featured_media":0,"parent":0,"menu_order":0,"comment_status":"closed","ping_status":"closed","template":"","meta":{"_et_pb_use_builder":"on","_et_pb_old_content":"","_et_gb_content_width":""},"folder":[126],"_links":{"self":[{"href":"https:\/\/probm2.cti.ugal.ro\/site\/wp-json\/wp\/v2\/pages\/6891"}],"collection":[{"href":"https:\/\/probm2.cti.ugal.ro\/site\/wp-json\/wp\/v2\/pages"}],"about":[{"href":"https:\/\/probm2.cti.ugal.ro\/site\/wp-json\/wp\/v2\/types\/page"}],"author":[{"embeddable":true,"href":"https:\/\/probm2.cti.ugal.ro\/site\/wp-json\/wp\/v2\/users\/1"}],"replies":[{"embeddable":true,"href":"https:\/\/probm2.cti.ugal.ro\/site\/wp-json\/wp\/v2\/comments?post=6891"}],"version-history":[{"count":7,"href":"https:\/\/probm2.cti.ugal.ro\/site\/wp-json\/wp\/v2\/pages\/6891\/revisions"}],"predecessor-version":[{"id":16516,"href":"https:\/\/probm2.cti.ugal.ro\/site\/wp-json\/wp\/v2\/pages\/6891\/revisions\/16516"}],"wp:attachment":[{"href":"https:\/\/probm2.cti.ugal.ro\/site\/wp-json\/wp\/v2\/media?parent=6891"}],"wp:term":[{"taxonomy":"folder","embeddable":true,"href":"https:\/\/probm2.cti.ugal.ro\/site\/wp-json\/wp\/v2\/folder?post=6891"}],"curies":[{"name":"wp","href":"https:\/\/api.w.org\/{rel}","templated":true}]}}