{"id":6937,"date":"2021-04-23T09:54:52","date_gmt":"2021-04-23T07:54:52","guid":{"rendered":"https:\/\/probm2.cti.ugal.ro\/site\/?page_id=6937"},"modified":"2021-04-23T10:02:26","modified_gmt":"2021-04-23T08:02:26","slug":"about-the-project-5","status":"publish","type":"page","link":"https:\/\/probm2.cti.ugal.ro\/site\/ro\/about-the-project-5\/","title":{"rendered":"Despre proiect"},"content":{"rendered":"<p>[et_pb_section fb_built=&#8221;1&#8243; _builder_version=&#8221;4.9.2&#8243; _module_preset=&#8221;default&#8221; background_color=&#8221;RGBA(0,0,0,0)&#8221; background_image=&#8221;https:\/\/probm2.cti.ugal.ro\/site\/wp-content\/uploads\/2021\/03\/pawns-scaled.jpg&#8221; min_height=&#8221;33em&#8221; animation_style=&#8221;fade&#8221; animation_duration=&#8221;750ms&#8221;][et_pb_row column_structure=&#8221;1_2,1_2&#8243; _builder_version=&#8221;4.9.2&#8243; _module_preset=&#8221;default&#8221; custom_padding=&#8221;5em||7em||false|false&#8221;][et_pb_column type=&#8221;1_2&#8243; _builder_version=&#8221;4.9.2&#8243; _module_preset=&#8221;default&#8221;][et_pb_text _builder_version=&#8221;4.9.2&#8243; _module_preset=&#8221;default&#8221; text_font=&#8221;Montserrat||||||||&#8221; text_text_color=&#8221;#e8e8e8&#8243; text_font_size=&#8221;2.2em&#8221; text_line_height=&#8221;1.6em&#8221; header_font=&#8221;Montserrat||||||||&#8221; background_color=&#8221;RGBA(0,0,0,0)&#8221; use_background_color_gradient=&#8221;on&#8221; background_color_gradient_start=&#8221;rgba(0,0,0,0.58)&#8221; background_color_gradient_end=&#8221;rgba(0,0,0,0.64)&#8221; custom_margin=&#8221;||||false|false&#8221; custom_padding=&#8221;1em|1em|1em|1em|true|true&#8221; animation_style=&#8221;zoom&#8221; animation_duration=&#8221;600ms&#8221; animation_intensity_zoom=&#8221;72%&#8221; border_radii=&#8221;on|15px|15px|15px|15px&#8221;]<\/p>\n<p><strong>DESPRE PROIECT<\/strong><\/p>\n<p>[\/et_pb_text][\/et_pb_column][et_pb_column type=&#8221;1_2&#8243; _builder_version=&#8221;4.9.2&#8243; _module_preset=&#8221;default&#8221;][\/et_pb_column][\/et_pb_row][\/et_pb_section][et_pb_section fb_built=&#8221;1&#8243; _builder_version=&#8221;4.9.2&#8243; _module_preset=&#8221;default&#8221; background_color=&#8221;RGBA(0,0,0,0)&#8221; use_background_color_gradient=&#8221;on&#8221; background_color_gradient_start=&#8221;rgba(0,0,0,0)&#8221; background_color_gradient_end=&#8221;rgba(0,0,0,0)&#8221; background_color_gradient_direction=&#8221;115deg&#8221;][et_pb_row column_structure=&#8221;2_3,1_3&#8243; admin_label=&#8221;About Us Area&#8221; _builder_version=&#8221;3.25&#8243; background_size=&#8221;initial&#8221; background_position=&#8221;top_left&#8221; background_repeat=&#8221;repeat&#8221; custom_padding=&#8221;27px|0px|0px|0px&#8221; locked=&#8221;off&#8221;][et_pb_column type=&#8221;2_3&#8243; _builder_version=&#8221;3.25&#8243; custom_padding=&#8221;|||&#8221; custom_padding__hover=&#8221;|||&#8221;][et_pb_text admin_label=&#8221;Title&#8221; _builder_version=&#8221;4.9.2&#8243; text_font=&#8221;Montserrat||||||||&#8221; text_text_color=&#8221;#747d88&#8243; text_font_size=&#8221;16px&#8221; text_line_height=&#8221;1.9em&#8221; header_font=&#8221;||||||||&#8221; header_text_align=&#8221;left&#8221; header_2_font=&#8221;Montserrat|700||on|||||&#8221; header_2_font_size=&#8221;42px&#8221; header_2_line_height=&#8221;1.3em&#8221; background_color=&#8221;#f7f7f7&#8243; background_size=&#8221;initial&#8221; background_position=&#8221;top_left&#8221; background_repeat=&#8221;repeat&#8221; max_width=&#8221;700px&#8221; module_alignment=&#8221;left&#8221; custom_margin=&#8221;|||&#8221; custom_padding=&#8221;10%|10%|10%|10%&#8221; animation_style=&#8221;slide&#8221; animation_direction=&#8221;bottom&#8221; animation_intensity_slide=&#8221;4%&#8221; animation_starting_opacity=&#8221;100%&#8221; hover_enabled=&#8221;0&#8243; box_shadow_style=&#8221;preset1&#8243; box_shadow_vertical=&#8221;15px&#8221; box_shadow_blur=&#8221;45px&#8221; box_shadow_color=&#8221;rgba(0,0,0,0.15)&#8221; locked=&#8221;off&#8221; sticky_enabled=&#8221;0&#8243;]<\/p>\n<h2 style=\"text-align: justify;\"><span style=\"text-transform: none;\">Pro<\/span> <span style=\"color: #edb059;\">BM 2<\/span><\/h2>\n<p style=\"text-align: justify;\">Obiectivul principal al proiectului ProBM 2 este cre\u0219terea competen\u021belor \u0219i cuno\u0219tin\u021belor formatorilor \u0219i a furnizorilor de instruire \u00een predarea modelelor de afaceri. Cuno\u0219tin\u021bele \u0219i abilit\u0103\u021bile dob\u00e2ndite vor contribui direct la proiectarea \u0219i utilizarea \u00een practic\u0103 a unui model de afaceri de c\u0103tre beneficiari (adul\u021bi care doresc s\u0103 deschid\u0103 sau au deja o afacere).<\/p>\n<p>[\/et_pb_text][\/et_pb_column][et_pb_column type=&#8221;1_3&#8243; _builder_version=&#8221;3.25&#8243; custom_padding=&#8221;|||&#8221; custom_padding__hover=&#8221;|||&#8221;][\/et_pb_column][\/et_pb_row][\/et_pb_section][et_pb_section fb_built=&#8221;1&#8243; admin_label=&#8221;Service Section&#8221; _builder_version=&#8221;4.9.2&#8243; background_color=&#8221;RGBA(0,0,0,0)&#8221; custom_margin=&#8221;|||&#8221; custom_padding=&#8221;110px||110px|&#8221; locked=&#8221;off&#8221;][et_pb_row _builder_version=&#8221;4.9.2&#8243; _module_preset=&#8221;default&#8221; animation_style=&#8221;zoom&#8221;][et_pb_column type=&#8221;4_4&#8243; _builder_version=&#8221;4.9.2&#8243; _module_preset=&#8221;default&#8221;][et_pb_text _builder_version=&#8221;4.9.2&#8243; _module_preset=&#8221;default&#8221; hover_enabled=&#8221;0&#8243; inline_fonts=&#8221;Montserrat&#8221; sticky_enabled=&#8221;0&#8243;]<\/p>\n<h1 style=\"text-align: center;\"><span style=\"font-family: Montserrat;\"><strong>INFORMA\u021aII DESPRE PROIECT<\/strong><\/span><\/h1>\n<p>[\/et_pb_text][\/et_pb_column][\/et_pb_row][et_pb_row _builder_version=&#8221;4.9.2&#8243; _module_preset=&#8221;default&#8221; animation_style=&#8221;zoom&#8221; hover_enabled=&#8221;0&#8243; sticky_enabled=&#8221;0&#8243;][et_pb_column type=&#8221;4_4&#8243; _builder_version=&#8221;4.9.2&#8243; _module_preset=&#8221;default&#8221;][et_pb_text _builder_version=&#8221;4.9.2&#8243; _module_preset=&#8221;default&#8221; hover_enabled=&#8221;0&#8243; inline_fonts=&#8221;Montserrat&#8221; sticky_enabled=&#8221;0&#8243;]<\/p>\n<h3 style=\"text-align: center; color: #808080;\">NUME:<\/h3>\n<p style=\"text-align: center; font-size: 1.5em; color: #303030;\">\u00cen\u021belegerea \u0219i dezvoltarea modelelor de afaceri \u00een era globaliz\u0103rii<\/p>\n<h3 style=\"text-align: center; color: #808080;\">NUM\u0102R:<\/h3>\n<p style=\"text-align: center; font-size: 1.5em; color: #303030;\">2019-1-PL01-KA204-064951<\/p>\n<h3 style=\"text-align: center; color: #808080;\">DURATA:<\/h3>\n<p style=\"text-align: center; font-size: 1.5em; color: #303030;\">24 luni<\/p>\n<h3 style=\"text-align: center; color: #808080;\">FINAN\u021aARE:<\/h3>\n<p style=\"text-align: center; font-size: 1.5em; color: #303030;\">Programul Erasmus+ al Uniunii Europene<\/p>\n<h3 style=\"text-align: center; color: #808080;\">KEY ACTION:<\/h3>\n<p style=\"text-align: center; font-size: 1.5em; color: #303030;\">Cooperare pentru inovare \u0219i schimb de bune practici &#8211; Educa\u021bia adul\u021bilor<\/p>\n<p>[\/et_pb_text][\/et_pb_column][\/et_pb_row][et_pb_row _builder_version=&#8221;4.9.2&#8243; _module_preset=&#8221;default&#8221; custom_margin=&#8221;110px|auto||auto||&#8221; animation_style=&#8221;zoom&#8221;][et_pb_column type=&#8221;4_4&#8243; _builder_version=&#8221;4.9.2&#8243; _module_preset=&#8221;default&#8221;][et_pb_text _builder_version=&#8221;4.9.2&#8243; _module_preset=&#8221;default&#8221; hover_enabled=&#8221;0&#8243; inline_fonts=&#8221;Montserrat&#8221; sticky_enabled=&#8221;0&#8243;]<\/p>\n<h1 style=\"text-align: center;\"><span style=\"font-family: Montserrat;\"><strong>PARTENERII DIN PROIECT<\/strong><\/span><\/h1>\n<p>[\/et_pb_text][\/et_pb_column][\/et_pb_row][et_pb_row column_structure=&#8221;1_4,1_4,1_4,1_4&#8243; use_custom_gutter=&#8221;on&#8221; gutter_width=&#8221;2&#8243; make_equal=&#8221;on&#8221; admin_label=&#8221;Services&#8221; _builder_version=&#8221;3.25&#8243; background_size=&#8221;initial&#8221; background_position=&#8221;top_left&#8221; background_repeat=&#8221;repeat&#8221; max_width=&#8221;80%&#8221; custom_padding=&#8221;25px||25px|&#8221; use_custom_width=&#8221;on&#8221; width_unit=&#8221;off&#8221;][et_pb_column type=&#8221;1_4&#8243; _builder_version=&#8221;3.25&#8243; custom_padding=&#8221;|||&#8221; custom_padding__hover=&#8221;|||&#8221;][et_pb_blurb image=&#8221;http:\/\/probm2.cti.ugal.ro\/site\/wp-content\/uploads\/2021\/03\/lukas-1.png&#8221; _builder_version=&#8221;4.9.2&#8243; header_font=&#8221;Montserrat|on|||&#8221; header_text_color=&#8221;#353740&#8243; header_font_size=&#8221;22px&#8221; header_line_height=&#8221;1.4em&#8221; body_font=&#8221;Montserrat||||&#8221; body_text_color=&#8221;#747d88&#8243; body_font_size=&#8221;16px&#8221; body_line_height=&#8221;1.8em&#8221; background_size=&#8221;initial&#8221; background_position=&#8221;top_left&#8221; background_repeat=&#8221;repeat&#8221; text_orientation=&#8221;center&#8221; max_width=&#8221;250px&#8221; module_alignment=&#8221;center&#8221; custom_padding=&#8221;30px|30px|30px|30px|false|false&#8221; animation_style=&#8221;zoom&#8221; border_width_all=&#8221;0px&#8221; border_color_all=&#8221;#dddddd&#8221; border_style_all=&#8221;solid&#8221; use_border_color=&#8221;on&#8221; border_color=&#8221;#dddddd&#8221;][\/et_pb_blurb][\/et_pb_column][et_pb_column type=&#8221;1_4&#8243; _builder_version=&#8221;3.25&#8243; custom_padding=&#8221;|||&#8221; custom_padding__hover=&#8221;|||&#8221;][et_pb_blurb image=&#8221;http:\/\/probm2.cti.ugal.ro\/site\/wp-content\/uploads\/2021\/03\/ied.png&#8221; _builder_version=&#8221;4.9.2&#8243; header_font=&#8221;Montserrat|on|||&#8221; header_text_color=&#8221;#353740&#8243; header_font_size=&#8221;22px&#8221; header_line_height=&#8221;1.4em&#8221; body_font=&#8221;Montserrat||||&#8221; body_text_color=&#8221;#747d88&#8243; body_font_size=&#8221;16px&#8221; body_line_height=&#8221;1.8em&#8221; background_size=&#8221;initial&#8221; background_position=&#8221;top_left&#8221; background_repeat=&#8221;repeat&#8221; text_orientation=&#8221;center&#8221; max_width=&#8221;250px&#8221; module_alignment=&#8221;center&#8221; custom_padding=&#8221;30px|30px|30px|30px&#8221; animation_style=&#8221;zoom&#8221; animation_delay=&#8221;100ms&#8221; border_width_all=&#8221;0px&#8221; border_color_all=&#8221;#dddddd&#8221; border_style_all=&#8221;solid&#8221; use_border_color=&#8221;on&#8221; border_color=&#8221;#dddddd&#8221;][\/et_pb_blurb][\/et_pb_column][et_pb_column type=&#8221;1_4&#8243; _builder_version=&#8221;3.25&#8243; custom_padding=&#8221;|||&#8221; custom_padding__hover=&#8221;|||&#8221;][et_pb_blurb image=&#8221;https:\/\/probm2.cti.ugal.ro\/site\/wp-content\/uploads\/2021\/04\/factor1.png&#8221; _builder_version=&#8221;4.9.2&#8243; header_font=&#8221;Montserrat|on|||&#8221; header_text_color=&#8221;#353740&#8243; header_font_size=&#8221;22px&#8221; header_line_height=&#8221;1.4em&#8221; body_font=&#8221;Montserrat||||&#8221; body_text_color=&#8221;#747d88&#8243; body_font_size=&#8221;16px&#8221; body_line_height=&#8221;1.8em&#8221; background_size=&#8221;initial&#8221; background_position=&#8221;top_left&#8221; background_repeat=&#8221;repeat&#8221; text_orientation=&#8221;center&#8221; max_width=&#8221;300px&#8221; module_alignment=&#8221;center&#8221; custom_padding=&#8221;30px|30px|30px|30px&#8221; animation_style=&#8221;zoom&#8221; animation_delay=&#8221;200ms&#8221; border_width_all=&#8221;0px&#8221; border_color_all=&#8221;#dddddd&#8221; border_style_all=&#8221;solid&#8221; use_border_color=&#8221;on&#8221; border_color=&#8221;#dddddd&#8221;][\/et_pb_blurb][\/et_pb_column][et_pb_column type=&#8221;1_4&#8243; _builder_version=&#8221;3.25&#8243; custom_padding=&#8221;|||&#8221; custom_padding__hover=&#8221;|||&#8221;][et_pb_blurb image=&#8221;https:\/\/probm2.cti.ugal.ro\/site\/wp-content\/uploads\/2021\/04\/supsi1.png&#8221; _builder_version=&#8221;4.9.2&#8243; header_font=&#8221;Montserrat|on|||&#8221; header_text_color=&#8221;#353740&#8243; header_font_size=&#8221;22px&#8221; header_line_height=&#8221;1.4em&#8221; body_font=&#8221;Montserrat||||&#8221; body_text_color=&#8221;#747d88&#8243; body_font_size=&#8221;16px&#8221; body_line_height=&#8221;1.8em&#8221; background_size=&#8221;initial&#8221; background_position=&#8221;top_left&#8221; background_repeat=&#8221;repeat&#8221; text_orientation=&#8221;center&#8221; max_width=&#8221;250px&#8221; module_alignment=&#8221;center&#8221; custom_padding=&#8221;30px|30px|30px|30px&#8221; animation_style=&#8221;zoom&#8221; border_width_all=&#8221;0px&#8221; border_color_all=&#8221;#dddddd&#8221; border_style_all=&#8221;solid&#8221; use_border_color=&#8221;on&#8221; border_color=&#8221;#dddddd&#8221;][\/et_pb_blurb][\/et_pb_column][\/et_pb_row][et_pb_row column_structure=&#8221;1_3,1_3,1_3&#8243; use_custom_gutter=&#8221;on&#8221; gutter_width=&#8221;2&#8243; make_equal=&#8221;on&#8221; admin_label=&#8221;Services&#8221; _builder_version=&#8221;3.25&#8243; background_size=&#8221;initial&#8221; background_position=&#8221;top_left&#8221; background_repeat=&#8221;repeat&#8221; max_width=&#8221;80%&#8221; custom_padding=&#8221;25px||25px|&#8221; use_custom_width=&#8221;on&#8221; width_unit=&#8221;off&#8221;][et_pb_column type=&#8221;1_3&#8243; _builder_version=&#8221;3.25&#8243; custom_padding=&#8221;|||&#8221; custom_padding__hover=&#8221;|||&#8221;][et_pb_blurb image=&#8221;https:\/\/probm2.cti.ugal.ro\/site\/wp-content\/uploads\/2021\/04\/training1.png&#8221; _builder_version=&#8221;4.9.2&#8243; header_font=&#8221;Montserrat|on|||&#8221; header_text_color=&#8221;#353740&#8243; header_font_size=&#8221;22px&#8221; header_line_height=&#8221;1.4em&#8221; body_font=&#8221;Montserrat||||&#8221; body_text_color=&#8221;#747d88&#8243; body_font_size=&#8221;16px&#8221; body_line_height=&#8221;1.8em&#8221; background_size=&#8221;initial&#8221; background_position=&#8221;top_left&#8221; background_repeat=&#8221;repeat&#8221; text_orientation=&#8221;center&#8221; max_width=&#8221;250px&#8221; module_alignment=&#8221;center&#8221; custom_padding=&#8221;30px|30px|30px|30px&#8221; animation_style=&#8221;zoom&#8221; animation_delay=&#8221;100ms&#8221; border_width_all=&#8221;0px&#8221; border_color_all=&#8221;#dddddd&#8221; border_style_all=&#8221;solid&#8221; use_border_color=&#8221;on&#8221; border_color=&#8221;#dddddd&#8221;][\/et_pb_blurb][\/et_pb_column][et_pb_column type=&#8221;1_3&#8243; _builder_version=&#8221;3.25&#8243; custom_padding=&#8221;|||&#8221; custom_padding__hover=&#8221;|||&#8221;][et_pb_blurb image=&#8221;https:\/\/probm2.cti.ugal.ro\/site\/wp-content\/uploads\/2021\/04\/umalta1.png&#8221; _builder_version=&#8221;4.9.2&#8243; header_font=&#8221;Montserrat|on|||&#8221; header_text_color=&#8221;#353740&#8243; header_font_size=&#8221;22px&#8221; header_line_height=&#8221;1.4em&#8221; body_font=&#8221;Montserrat||||&#8221; body_text_color=&#8221;#747d88&#8243; body_font_size=&#8221;16px&#8221; body_line_height=&#8221;1.8em&#8221; background_size=&#8221;initial&#8221; background_position=&#8221;top_left&#8221; background_repeat=&#8221;repeat&#8221; text_orientation=&#8221;center&#8221; max_width=&#8221;300px&#8221; module_alignment=&#8221;center&#8221; custom_padding=&#8221;30px|30px|30px|30px&#8221; animation_style=&#8221;zoom&#8221; animation_delay=&#8221;200ms&#8221; border_width_all=&#8221;0px&#8221; border_color_all=&#8221;#dddddd&#8221; border_style_all=&#8221;solid&#8221; use_border_color=&#8221;on&#8221; border_color=&#8221;#dddddd&#8221;][\/et_pb_blurb][\/et_pb_column][et_pb_column type=&#8221;1_3&#8243; _builder_version=&#8221;3.25&#8243; custom_padding=&#8221;|||&#8221; custom_padding__hover=&#8221;|||&#8221;][et_pb_blurb image=&#8221;http:\/\/probm2.cti.ugal.ro\/site\/wp-content\/uploads\/2021\/03\/ugal.png&#8221; _builder_version=&#8221;4.9.2&#8243; header_font=&#8221;Montserrat|on|||&#8221; header_text_color=&#8221;#353740&#8243; header_font_size=&#8221;22px&#8221; header_line_height=&#8221;1.4em&#8221; body_font=&#8221;Montserrat||||&#8221; body_text_color=&#8221;#747d88&#8243; body_font_size=&#8221;16px&#8221; body_line_height=&#8221;1.8em&#8221; background_size=&#8221;initial&#8221; background_position=&#8221;top_left&#8221; background_repeat=&#8221;repeat&#8221; text_orientation=&#8221;center&#8221; max_width=&#8221;230px&#8221; module_alignment=&#8221;center&#8221; custom_padding=&#8221;30px|30px|30px|30px&#8221; animation_style=&#8221;zoom&#8221; animation_delay=&#8221;100ms&#8221; border_width_all=&#8221;0px&#8221; border_color_all=&#8221;#dddddd&#8221; border_style_all=&#8221;solid&#8221; use_border_color=&#8221;on&#8221; border_color=&#8221;#dddddd&#8221;][\/et_pb_blurb][\/et_pb_column][\/et_pb_row][\/et_pb_section][et_pb_section fb_built=&#8221;1&#8243; _builder_version=&#8221;4.9.2&#8243; _module_preset=&#8221;default&#8221; background_color=&#8221;#848484&#8243; use_background_color_gradient=&#8221;on&#8221; background_color_gradient_start=&#8221;rgba(0,0,0,0.51)&#8221; background_color_gradient_end=&#8221;rgba(0,0,0,0.83)&#8221; custom_padding=&#8221;||0px|||&#8221; locked=&#8221;off&#8221;][et_pb_row column_structure=&#8221;3_4,1_4&#8243; _builder_version=&#8221;4.9.2&#8243; _module_preset=&#8221;default&#8221; custom_padding=&#8221;6px||0px|||&#8221; animation_style=&#8221;fade&#8221; animation_duration=&#8221;600ms&#8221;][et_pb_column type=&#8221;3_4&#8243; _builder_version=&#8221;4.9.2&#8243; _module_preset=&#8221;default&#8221;][et_pb_image src=&#8221;https:\/\/probm2.cti.ugal.ro\/site1\/wp-content\/uploads\/2021\/03\/erasmus.png&#8221; _builder_version=&#8221;4.9.2&#8243; _module_preset=&#8221;default&#8221; max_width=&#8221;20em&#8221;][\/et_pb_image][et_pb_text _builder_version=&#8221;4.9.2&#8243; _module_preset=&#8221;default&#8221; text_font=&#8221;Montserrat||||||||&#8221; text_text_color=&#8221;#e09900&#8243; text_font_size=&#8221;1.2em&#8221; text_line_height=&#8221;1.6em&#8221; custom_margin=&#8221;-15px|||||&#8221; hover_enabled=&#8221;0&#8243; sticky_enabled=&#8221;0&#8243;]<\/p>\n<p style=\"text-align: justify;\"><strong>ERASMUS+ KA2 Strategic Partnerships for adult education Poland<\/strong><br \/><span style=\"font-size: 0.85em;\">Proiectul \u201e\u00cen\u021belegerea \u0219i dezvoltarea modelelor de afaceri \u00een era globaliz\u0103rii\u201d (nr. 2019-1-PL01-KA204-064951) a primit finan\u021bare de la Comisia European\u0103 \u00een cadrul programului Erasmus+. Comisia European\u0103 nu este responsabil\u0103 asupra con\u021binutului proiectului, acesta reflect\u0103 punctele de vedere ale autorilor \u0219i Comisia nu poate fi f\u0103cut\u0103 r\u0103spunz\u0103toare pentru nicio utilizare a informa\u021biilor con\u021binute de acesta.<\/span><\/p>\n<p>[\/et_pb_text][\/et_pb_column][et_pb_column type=&#8221;1_4&#8243; _builder_version=&#8221;4.9.2&#8243; _module_preset=&#8221;default&#8221;][et_pb_text _builder_version=&#8221;4.9.2&#8243; _module_preset=&#8221;default&#8221; text_font=&#8221;Montserrat|600|||||||&#8221; text_text_color=&#8221;#E09900&#8243; text_font_size=&#8221;1.1em&#8221; min_height=&#8221;7px&#8221; custom_padding=&#8221;1em||0px|1px|false|false&#8221; hover_enabled=&#8221;0&#8243; sticky_enabled=&#8221;0&#8243;]<\/p>\n<p style=\"text-align: left;\">PROIECT \/ INFORMA\u021aII<\/p>\n<p>[\/et_pb_text][et_pb_menu menu_id=&#8221;28&#8243; submenu_direction=&#8221;upwards&#8221; active_link_color=&#8221;#e0b047&#8243; admin_label=&#8221;ABOUT&#8221; _builder_version=&#8221;4.9.2&#8243; _module_preset=&#8221;default&#8221; menu_font=&#8221;Montserrat|600|||||||&#8221; menu_text_color=&#8221;#E09900&#8243; background_color=&#8221;RGBA(0,0,0,0)&#8221; text_orientation=&#8221;right&#8221; module_alignment=&#8221;left&#8221; custom_margin=&#8221;-0.5em||||false|false&#8221;][\/et_pb_menu][\/et_pb_column][\/et_pb_row][et_pb_row _builder_version=&#8221;4.9.2&#8243; _module_preset=&#8221;default&#8221;][et_pb_column type=&#8221;4_4&#8243; _builder_version=&#8221;4.9.2&#8243; _module_preset=&#8221;default&#8221;][et_pb_text _builder_version=&#8221;4.9.2&#8243; _module_preset=&#8221;default&#8221; text_font=&#8221;Montserrat||||||||&#8221; text_text_color=&#8221;#E09900&#8243; text_font_size=&#8221;1.02em&#8221;]<\/p>\n<p style=\"text-align: center;\">Copyright @2021 &#8211; <a href=\"http:\/\/businessmodels.eu\" target=\"_blank\" rel=\"noopener\" title=\"businessmodels.eu\">businessmodels.eu<\/a><\/p>\n<p>[\/et_pb_text][\/et_pb_column][\/et_pb_row][\/et_pb_section]<\/p>\n","protected":false},"excerpt":{"rendered":"<p>DESPRE PROIECTPro BM 2 Obiectivul principal al proiectului ProBM 2 este cre\u0219terea competen\u021belor \u0219i cuno\u0219tin\u021belor formatorilor \u0219i a furnizorilor de instruire \u00een predarea modelelor de afaceri. Cuno\u0219tin\u021bele \u0219i abilit\u0103\u021bile dob\u00e2ndite vor contribui direct la proiectarea \u0219i utilizarea \u00een practic\u0103 a unui model de afaceri de c\u0103tre beneficiari (adul\u021bi care doresc s\u0103 deschid\u0103 sau au deja [&hellip;]<\/p>\n","protected":false},"author":1,"featured_media":0,"parent":0,"menu_order":0,"comment_status":"closed","ping_status":"closed","template":"","meta":{"_et_pb_use_builder":"on","_et_pb_old_content":"","_et_gb_content_width":""},"folder":[126],"_links":{"self":[{"href":"https:\/\/probm2.cti.ugal.ro\/site\/wp-json\/wp\/v2\/pages\/6937"}],"collection":[{"href":"https:\/\/probm2.cti.ugal.ro\/site\/wp-json\/wp\/v2\/pages"}],"about":[{"href":"https:\/\/probm2.cti.ugal.ro\/site\/wp-json\/wp\/v2\/types\/page"}],"author":[{"embeddable":true,"href":"https:\/\/probm2.cti.ugal.ro\/site\/wp-json\/wp\/v2\/users\/1"}],"replies":[{"embeddable":true,"href":"https:\/\/probm2.cti.ugal.ro\/site\/wp-json\/wp\/v2\/comments?post=6937"}],"version-history":[{"count":4,"href":"https:\/\/probm2.cti.ugal.ro\/site\/wp-json\/wp\/v2\/pages\/6937\/revisions"}],"predecessor-version":[{"id":6943,"href":"https:\/\/probm2.cti.ugal.ro\/site\/wp-json\/wp\/v2\/pages\/6937\/revisions\/6943"}],"wp:attachment":[{"href":"https:\/\/probm2.cti.ugal.ro\/site\/wp-json\/wp\/v2\/media?parent=6937"}],"wp:term":[{"taxonomy":"folder","embeddable":true,"href":"https:\/\/probm2.cti.ugal.ro\/site\/wp-json\/wp\/v2\/folder?post=6937"}],"curies":[{"name":"wp","href":"https:\/\/api.w.org\/{rel}","templated":true}]}}