{"id":6951,"date":"2021-04-23T10:09:31","date_gmt":"2021-04-23T08:09:31","guid":{"rendered":"https:\/\/probm2.cti.ugal.ro\/site\/?page_id=6951"},"modified":"2021-04-23T10:27:01","modified_gmt":"2021-04-23T08:27:01","slug":"disclaimer","status":"publish","type":"page","link":"https:\/\/probm2.cti.ugal.ro\/site\/ro\/disclaimer\/","title":{"rendered":"Disclaimer"},"content":{"rendered":"<p>[et_pb_section fb_built=&#8221;1&#8243; _builder_version=&#8221;4.9.2&#8243; _module_preset=&#8221;default&#8221; background_color=&#8221;RGBA(0,0,0,0)&#8221; background_image=&#8221;https:\/\/probm2.cti.ugal.ro\/site1\/wp-content\/uploads\/2021\/03\/disclaimer.jpg&#8221; min_height=&#8221;33em&#8221; animation_style=&#8221;fade&#8221; animation_duration=&#8221;750ms&#8221;][et_pb_row column_structure=&#8221;1_2,1_2&#8243; _builder_version=&#8221;4.9.2&#8243; _module_preset=&#8221;default&#8221; custom_padding=&#8221;5em||7em||false|false&#8221;][et_pb_column type=&#8221;1_2&#8243; _builder_version=&#8221;4.9.2&#8243; _module_preset=&#8221;default&#8221;][et_pb_text _builder_version=&#8221;4.9.2&#8243; _module_preset=&#8221;default&#8221; text_font=&#8221;Montserrat||||||||&#8221; text_text_color=&#8221;#e8e8e8&#8243; text_font_size=&#8221;2.2em&#8221; text_line_height=&#8221;1.6em&#8221; header_font=&#8221;Montserrat||||||||&#8221; background_color=&#8221;RGBA(0,0,0,0)&#8221; use_background_color_gradient=&#8221;on&#8221; background_color_gradient_start=&#8221;rgba(0,0,0,0.58)&#8221; background_color_gradient_end=&#8221;rgba(0,0,0,0.64)&#8221; custom_margin=&#8221;||||false|false&#8221; custom_padding=&#8221;1em|1em|1em|1em|true|true&#8221; animation_style=&#8221;zoom&#8221; animation_duration=&#8221;600ms&#8221; animation_intensity_zoom=&#8221;72%&#8221; border_radii=&#8221;on|15px|15px|15px|15px&#8221;]<\/p>\n<p><strong>DISCLAIMER<\/strong><\/p>\n<p>[\/et_pb_text][\/et_pb_column][et_pb_column type=&#8221;1_2&#8243; _builder_version=&#8221;4.9.2&#8243; _module_preset=&#8221;default&#8221;][\/et_pb_column][\/et_pb_row][\/et_pb_section][et_pb_section fb_built=&#8221;1&#8243; _builder_version=&#8221;4.9.2&#8243; _module_preset=&#8221;default&#8221; height=&#8221;0px&#8221; custom_margin=&#8221;0px|0px|0px|0px|true|true&#8221; custom_padding=&#8221;0px|0px|0px|0px|true|true&#8221;][et_pb_row _builder_version=&#8221;4.9.2&#8243; _module_preset=&#8221;default&#8221;][et_pb_column type=&#8221;4_4&#8243; _builder_version=&#8221;4.9.2&#8243; _module_preset=&#8221;default&#8221;][et_pb_code _builder_version=&#8221;4.9.2&#8243; _module_preset=&#8221;default&#8221;]<a id=\"link1\"><\/a>[\/et_pb_code][\/et_pb_column][\/et_pb_row][\/et_pb_section][et_pb_section fb_built=&#8221;1&#8243; _builder_version=&#8221;4.9.2&#8243; _module_preset=&#8221;default&#8221; background_color=&#8221;RGBA(0,0,0,0)&#8221; use_background_color_gradient=&#8221;on&#8221; background_color_gradient_start=&#8221;rgba(0,0,0,0)&#8221; background_color_gradient_end=&#8221;rgba(0,0,0,0)&#8221; background_color_gradient_direction=&#8221;115deg&#8221;][et_pb_row _builder_version=&#8221;4.9.2&#8243; _module_preset=&#8221;default&#8221;][et_pb_column type=&#8221;4_4&#8243; _builder_version=&#8221;4.9.2&#8243; _module_preset=&#8221;default&#8221;][et_pb_text _builder_version=&#8221;4.9.2&#8243; _module_preset=&#8221;default&#8221; text_font=&#8221;Montserrat|600|||||||&#8221; text_line_height=&#8221;1.2em&#8221; animation_style=&#8221;slide&#8221; animation_direction=&#8221;bottom&#8221; animation_duration=&#8221;700ms&#8221;]<\/p>\n<h2>Disclaimer<\/h2>\n<p>[\/et_pb_text][\/et_pb_column][\/et_pb_row][et_pb_row _builder_version=&#8221;4.9.2&#8243; _module_preset=&#8221;default&#8221; animation_style=&#8221;zoom&#8221;][et_pb_column type=&#8221;4_4&#8243; _builder_version=&#8221;4.9.2&#8243; _module_preset=&#8221;default&#8221;][et_pb_text _builder_version=&#8221;4.9.2&#8243; _module_preset=&#8221;default&#8221; text_font=&#8221;Montserrat||||||||&#8221; text_font_size=&#8221;1em&#8221; text_line_height=&#8221;1.8em&#8221;]<\/p>\n<p>Materialele pot fi reproduse \u0219i refolosite, men\u021bion\u00e2nd sursa \u00een felul urm\u0103tor:<\/p>\n<p>Materiale desc\u0103rcate de la<br \/><strong>probm2.cti.ugal.ro<\/strong><br \/><strong>ERASMUS+ [ProBM2 project]<\/strong><\/p>\n<p>Trebuie folosit\u0103 \u0219i urm\u0103toarea propozi\u021bie:<\/p>\n<p>Acest proiect a fost finan\u021bat cu sprijinul Comisiei Europene. Aceast\u0103 publica\u021bie reflect\u0103 doar punctele de vedere ale autorului, iar Comisia nu poate fi tras\u0103 la r\u0103spundere pentru orice utilizare care ar putea fi f\u0103cut\u0103 cu informa\u021biile con\u021binute \u00een aceasta. Dac\u0103 materialele trebuie modificate, p\u0103r\u021bile modificate trebuie eviden\u021biate prin declararea sursei.<\/p>\n<p>&nbsp;<\/p>\n<p>&nbsp;<\/p>\n<p>&nbsp;<\/p>\n<p>&nbsp;<\/p>\n<p>&nbsp;<\/p>\n<p>&nbsp;<\/p>\n<p>[\/et_pb_text][\/et_pb_column][\/et_pb_row][\/et_pb_section][et_pb_section fb_built=&#8221;1&#8243; _builder_version=&#8221;4.9.2&#8243; _module_preset=&#8221;default&#8221; background_color=&#8221;#848484&#8243; use_background_color_gradient=&#8221;on&#8221; background_color_gradient_start=&#8221;rgba(0,0,0,0.51)&#8221; background_color_gradient_end=&#8221;rgba(0,0,0,0.83)&#8221; custom_padding=&#8221;||0px|||&#8221; locked=&#8221;off&#8221;][et_pb_row column_structure=&#8221;3_4,1_4&#8243; _builder_version=&#8221;4.9.2&#8243; _module_preset=&#8221;default&#8221; custom_padding=&#8221;6px||0px|||&#8221; animation_style=&#8221;fade&#8221; animation_duration=&#8221;600ms&#8221; locked=&#8221;off&#8221;][et_pb_column type=&#8221;3_4&#8243; _builder_version=&#8221;4.9.2&#8243; _module_preset=&#8221;default&#8221;][et_pb_image src=&#8221;https:\/\/probm2.cti.ugal.ro\/site1\/wp-content\/uploads\/2021\/03\/erasmus.png&#8221; _builder_version=&#8221;4.9.2&#8243; _module_preset=&#8221;default&#8221; max_width=&#8221;20em&#8221;][\/et_pb_image][et_pb_text _builder_version=&#8221;4.9.2&#8243; _module_preset=&#8221;default&#8221; text_font=&#8221;Montserrat||||||||&#8221; text_text_color=&#8221;#e09900&#8243; text_font_size=&#8221;1.2em&#8221; text_line_height=&#8221;1.6em&#8221; custom_margin=&#8221;-15px|||||&#8221;]<\/p>\n<p style=\"text-align: justify;\"><strong>ERASMUS+ KA2 Strategic Partnerships for adult education Poland<\/strong><br \/><span style=\"font-size: 0.85em;\">Proiectul \u201e\u00cen\u021belegerea \u0219i dezvoltarea modelelor de afaceri \u00een era globaliz\u0103rii\u201d (nr. 2019-1-PL01-KA204-064951) a primit finan\u021bare de la Comisia European\u0103 \u00een cadrul programului Erasmus+. Comisia European\u0103 nu este responsabil\u0103 asupra con\u021binutului proiectului, acesta reflect\u0103 punctele de vedere ale autorilor \u0219i Comisia nu poate fi f\u0103cut\u0103 r\u0103spunz\u0103toare pentru nicio utilizare a informa\u021biilor con\u021binute de acesta.<\/span><\/p>\n<p>[\/et_pb_text][\/et_pb_column][et_pb_column type=&#8221;1_4&#8243; _builder_version=&#8221;4.9.2&#8243; _module_preset=&#8221;default&#8221;][et_pb_text _builder_version=&#8221;4.9.2&#8243; _module_preset=&#8221;default&#8221; text_font=&#8221;Montserrat|600|||||||&#8221; text_text_color=&#8221;#E09900&#8243; text_font_size=&#8221;1.1em&#8221; min_height=&#8221;7px&#8221; custom_padding=&#8221;1em||0px|1px|false|false&#8221;]<\/p>\n<p style=\"text-align: left;\">PROIECT \/ INFORMA\u021aII<\/p>\n<p>[\/et_pb_text][et_pb_menu menu_id=&#8221;28&#8243; submenu_direction=&#8221;upwards&#8221; active_link_color=&#8221;#e0b047&#8243; admin_label=&#8221;ABOUT&#8221; _builder_version=&#8221;4.9.2&#8243; _module_preset=&#8221;default&#8221; menu_font=&#8221;Montserrat|600|||||||&#8221; menu_text_color=&#8221;#E09900&#8243; background_color=&#8221;RGBA(0,0,0,0)&#8221; text_orientation=&#8221;right&#8221; module_alignment=&#8221;left&#8221; custom_margin=&#8221;-0.5em||||false|false&#8221;][\/et_pb_menu][\/et_pb_column][\/et_pb_row][et_pb_row _builder_version=&#8221;4.9.2&#8243; _module_preset=&#8221;default&#8221;][et_pb_column type=&#8221;4_4&#8243; _builder_version=&#8221;4.9.2&#8243; _module_preset=&#8221;default&#8221;][et_pb_text _builder_version=&#8221;4.9.2&#8243; _module_preset=&#8221;default&#8221; text_font=&#8221;Montserrat||||||||&#8221; text_text_color=&#8221;#E09900&#8243; text_font_size=&#8221;1.02em&#8221;]<\/p>\n<p style=\"text-align: center;\">Copyright @2021 &#8211; <a href=\"http:\/\/businessmodels.eu\" target=\"_blank\" rel=\"noopener\" title=\"businessmodels.eu\">businessmodels.eu<\/a><\/p>\n<p>[\/et_pb_text][\/et_pb_column][\/et_pb_row][\/et_pb_section][et_pb_section fb_built=&#8221;1&#8243; _builder_version=&#8221;4.9.2&#8243; _module_preset=&#8221;default&#8221; height=&#8221;0px&#8221; custom_margin=&#8221;0px|0px|0px|0px|true|true&#8221; custom_padding=&#8221;0px|0px|0px|0px|true|true&#8221;][et_pb_row _builder_version=&#8221;4.9.2&#8243; _module_preset=&#8221;default&#8221;][et_pb_column type=&#8221;4_4&#8243; _builder_version=&#8221;4.9.2&#8243; _module_preset=&#8221;default&#8221;][et_pb_code _builder_version=&#8221;4.9.2&#8243; _module_preset=&#8221;default&#8221;]<a id=\"link2\"><\/a>[\/et_pb_code][\/et_pb_column][\/et_pb_row][\/et_pb_section][et_pb_section fb_built=&#8221;1&#8243; _builder_version=&#8221;4.9.2&#8243; _module_preset=&#8221;default&#8221; height=&#8221;0px&#8221; custom_margin=&#8221;0px|0px|0px|0px|true|true&#8221; custom_padding=&#8221;0px|0px|0px|0px|true|true&#8221;][et_pb_row _builder_version=&#8221;4.9.2&#8243; _module_preset=&#8221;default&#8221;][et_pb_column type=&#8221;4_4&#8243; _builder_version=&#8221;4.9.2&#8243; _module_preset=&#8221;default&#8221;][et_pb_code _builder_version=&#8221;4.9.2&#8243; _module_preset=&#8221;default&#8221;]<a id=\"link3\"><\/a>[\/et_pb_code][\/et_pb_column][\/et_pb_row][\/et_pb_section][et_pb_section fb_built=&#8221;1&#8243; _builder_version=&#8221;4.9.2&#8243; _module_preset=&#8221;default&#8221; height=&#8221;0px&#8221; custom_margin=&#8221;0px|0px|0px|0px|true|true&#8221; custom_padding=&#8221;0px|0px|0px|0px|true|true&#8221;][et_pb_row _builder_version=&#8221;4.9.2&#8243; _module_preset=&#8221;default&#8221;][et_pb_column type=&#8221;4_4&#8243; _builder_version=&#8221;4.9.2&#8243; _module_preset=&#8221;default&#8221;][et_pb_code _builder_version=&#8221;4.9.2&#8243; _module_preset=&#8221;default&#8221;]<a id=\"link4\"><\/a>[\/et_pb_code][\/et_pb_column][\/et_pb_row][\/et_pb_section][et_pb_section fb_built=&#8221;1&#8243; _builder_version=&#8221;4.9.2&#8243; _module_preset=&#8221;default&#8221; height=&#8221;0px&#8221; custom_margin=&#8221;0px|0px|0px|0px|true|true&#8221; custom_padding=&#8221;0px|0px|0px|0px|true|true&#8221;][et_pb_row _builder_version=&#8221;4.9.2&#8243; _module_preset=&#8221;default&#8221;][et_pb_column type=&#8221;4_4&#8243; _builder_version=&#8221;4.9.2&#8243; _module_preset=&#8221;default&#8221;][et_pb_code _builder_version=&#8221;4.9.2&#8243; _module_preset=&#8221;default&#8221;]<a id=\"link5\"><\/a>[\/et_pb_code][\/et_pb_column][\/et_pb_row][\/et_pb_section]<\/p>\n","protected":false},"excerpt":{"rendered":"<p>DISCLAIMERDisclaimerMaterialele pot fi reproduse \u0219i refolosite, men\u021bion\u00e2nd sursa \u00een felul urm\u0103tor: Materiale desc\u0103rcate de laprobm2.cti.ugal.roERASMUS+ [ProBM2 project] Trebuie folosit\u0103 \u0219i urm\u0103toarea propozi\u021bie: Acest proiect a fost finan\u021bat cu sprijinul Comisiei Europene. Aceast\u0103 publica\u021bie reflect\u0103 doar punctele de vedere ale autorului, iar Comisia nu poate fi tras\u0103 la r\u0103spundere pentru orice utilizare care ar putea fi [&hellip;]<\/p>\n","protected":false},"author":1,"featured_media":0,"parent":0,"menu_order":0,"comment_status":"closed","ping_status":"closed","template":"","meta":{"_et_pb_use_builder":"on","_et_pb_old_content":"","_et_gb_content_width":""},"folder":[126],"_links":{"self":[{"href":"https:\/\/probm2.cti.ugal.ro\/site\/wp-json\/wp\/v2\/pages\/6951"}],"collection":[{"href":"https:\/\/probm2.cti.ugal.ro\/site\/wp-json\/wp\/v2\/pages"}],"about":[{"href":"https:\/\/probm2.cti.ugal.ro\/site\/wp-json\/wp\/v2\/types\/page"}],"author":[{"embeddable":true,"href":"https:\/\/probm2.cti.ugal.ro\/site\/wp-json\/wp\/v2\/users\/1"}],"replies":[{"embeddable":true,"href":"https:\/\/probm2.cti.ugal.ro\/site\/wp-json\/wp\/v2\/comments?post=6951"}],"version-history":[{"count":5,"href":"https:\/\/probm2.cti.ugal.ro\/site\/wp-json\/wp\/v2\/pages\/6951\/revisions"}],"predecessor-version":[{"id":6987,"href":"https:\/\/probm2.cti.ugal.ro\/site\/wp-json\/wp\/v2\/pages\/6951\/revisions\/6987"}],"wp:attachment":[{"href":"https:\/\/probm2.cti.ugal.ro\/site\/wp-json\/wp\/v2\/media?parent=6951"}],"wp:term":[{"taxonomy":"folder","embeddable":true,"href":"https:\/\/probm2.cti.ugal.ro\/site\/wp-json\/wp\/v2\/folder?post=6951"}],"curies":[{"name":"wp","href":"https:\/\/api.w.org\/{rel}","templated":true}]}}