{"id":9164,"date":"2022-01-17T17:56:49","date_gmt":"2022-01-17T15:56:49","guid":{"rendered":"https:\/\/probm2.cti.ugal.ro\/site\/?page_id=9164"},"modified":"2022-01-19T14:29:44","modified_gmt":"2022-01-19T12:29:44","slug":"financial-calculator","status":"publish","type":"page","link":"https:\/\/probm2.cti.ugal.ro\/site\/it\/financial-calculator\/","title":{"rendered":"Calcolatore finanziario"},"content":{"rendered":"<p>[et_pb_section fb_built=&#8221;1&#8243; _builder_version=&#8221;4.9.2&#8243; _module_preset=&#8221;default&#8221; background_color=&#8221;#fce8d4&#8243; background_color_gradient_direction=&#8221;138deg&#8221; background_image=&#8221;https:\/\/probm2.cti.ugal.ro\/site\/wp-content\/uploads\/2021\/06\/calculator.jpg&#8221; width=&#8221;100%&#8221; min_height=&#8221;24em&#8221; custom_padding=&#8221;||0px|||&#8221; animation_style=&#8221;fade&#8221; animation_duration=&#8221;750ms&#8221;][et_pb_row column_structure=&#8221;2_3,1_3&#8243; _builder_version=&#8221;4.9.2&#8243; _module_preset=&#8221;default&#8221; custom_padding=&#8221;2em||1em||false|false&#8221;][et_pb_column type=&#8221;2_3&#8243; _builder_version=&#8221;4.9.2&#8243; _module_preset=&#8221;default&#8221;][et_pb_text _builder_version=&#8221;4.9.2&#8243; _module_preset=&#8221;default&#8221; text_font=&#8221;Montserrat||||||||&#8221; text_text_color=&#8221;#e8e8e8&#8243; text_font_size=&#8221;2.2em&#8221; text_line_height=&#8221;1.6em&#8221; header_font=&#8221;Montserrat||||||||&#8221; background_color=&#8221;RGBA(0,0,0,0)&#8221; use_background_color_gradient=&#8221;on&#8221; background_color_gradient_start=&#8221;rgba(0,0,0,0.58)&#8221; background_color_gradient_end=&#8221;rgba(0,0,0,0.64)&#8221; text_orientation=&#8221;center&#8221; custom_margin=&#8221;||||false|false&#8221; custom_padding=&#8221;1em|1em|1em|1em|true|true&#8221; animation_style=&#8221;zoom&#8221; animation_duration=&#8221;600ms&#8221; animation_intensity_zoom=&#8221;72%&#8221; border_radii=&#8221;on|15px|15px|15px|15px&#8221;]<\/p>\n<p><strong>CALCOLATORE FINANZIARIO<\/strong><\/p>\n<p>[\/et_pb_text][\/et_pb_column][et_pb_column type=&#8221;1_3&#8243; _builder_version=&#8221;4.9.2&#8243; _module_preset=&#8221;default&#8221;][\/et_pb_column][\/et_pb_row][et_pb_row column_structure=&#8221;1_4,1_4,1_4,1_4&#8243; _builder_version=&#8221;4.9.2&#8243; _module_preset=&#8221;default&#8221; animation_style=&#8221;zoom&#8221; animation_duration=&#8221;500ms&#8221; animation_delay=&#8221;1300ms&#8221; locked=&#8221;off&#8221;][et_pb_column type=&#8221;1_4&#8243; _builder_version=&#8221;4.9.2&#8243; _module_preset=&#8221;default&#8221;][\/et_pb_column][et_pb_column type=&#8221;1_4&#8243; _builder_version=&#8221;4.9.2&#8243; _module_preset=&#8221;default&#8221;][\/et_pb_column][et_pb_column type=&#8221;1_4&#8243; _builder_version=&#8221;4.9.2&#8243; _module_preset=&#8221;default&#8221;][\/et_pb_column][et_pb_column type=&#8221;1_4&#8243; _builder_version=&#8221;4.9.2&#8243; _module_preset=&#8221;default&#8221;][et_pb_button button_url=&#8221;#link1&#8243; button_text=&#8221;Istruzioni&#8221; button_alignment=&#8221;center&#8221; admin_label=&#8221;Button&#8221; _builder_version=&#8221;4.9.2&#8243; _module_preset=&#8221;default&#8221;][\/et_pb_button][\/et_pb_column][\/et_pb_row][\/et_pb_section][et_pb_section fb_built=&#8221;1&#8243; _builder_version=&#8221;4.9.2&#8243; _module_preset=&#8221;default&#8221; background_color=&#8221;RGBA(0,0,0,0)&#8221; use_background_color_gradient=&#8221;on&#8221; background_color_gradient_start=&#8221;rgba(0,0,0,0)&#8221; background_color_gradient_end=&#8221;rgba(0,0,0,0)&#8221; background_color_gradient_direction=&#8221;115deg&#8221; custom_padding=&#8221;0px||0px||true|false&#8221;][et_pb_row _builder_version=&#8221;4.9.2&#8243; _module_preset=&#8221;default&#8221; custom_padding=&#8221;18px||9px||false|false&#8221;][et_pb_column type=&#8221;4_4&#8243; _builder_version=&#8221;4.9.2&#8243; _module_preset=&#8221;default&#8221;][et_pb_text _builder_version=&#8221;4.9.2&#8243; _module_preset=&#8221;default&#8221; text_font=&#8221;Montserrat|600|||||||&#8221; text_line_height=&#8221;1em&#8221; custom_margin=&#8221;0px||0px||false|false&#8221; custom_padding=&#8221;34px||0px||false|false&#8221; animation_style=&#8221;slide&#8221; animation_direction=&#8221;bottom&#8221; animation_duration=&#8221;700ms&#8221; animation_delay=&#8221;1000ms&#8221;]<\/p>\n<h2>Calcolatore finanziario<\/h2>\n<p>&nbsp;<\/p>\n<p>[\/et_pb_text][\/et_pb_column][\/et_pb_row][\/et_pb_section][et_pb_section fb_built=&#8221;1&#8243; fullwidth=&#8221;on&#8221; _builder_version=&#8221;4.9.2&#8243; _module_preset=&#8221;default&#8221; background_color=&#8221;RGBA(0,0,0,0)&#8221; custom_margin=&#8221;||0px||false|false&#8221; animation_style=&#8221;zoom&#8221; animation_direction=&#8221;bottom&#8221; animation_duration=&#8221;500ms&#8221; animation_delay=&#8221;400ms&#8221;][et_pb_fullwidth_code admin_label=&#8221;Fullwidth Code&#8221; module_class=&#8221;bmc-table&#8221; _builder_version=&#8221;4.9.2&#8243; _module_preset=&#8221;default&#8221; custom_margin=&#8221;||0em||false|false&#8221; custom_padding=&#8221;0px|4px|0px|4px|true|true&#8221;]<\/p>\n<div id=\"fincalc\" class=\"fincalc\"><!-- [et_pb_line_break_holder] -->  <!-- [et_pb_line_break_holder] --><\/div>\n<p><!-- [et_pb_line_break_holder] --><a id=\"link1\"><\/a><!-- [et_pb_line_break_holder] --><script><!-- [et_pb_line_break_holder] -->function loadjscssfile(filename, filetype){<!-- [et_pb_line_break_holder] -->    if (filetype==\"js\"){ <!-- [et_pb_line_break_holder] -->        var fileref=document.createElement('script')<!-- [et_pb_line_break_holder] -->        fileref.setAttribute(\"type\",\"text\/javascript\")<!-- [et_pb_line_break_holder] -->        fileref.setAttribute(\"src\", filename)<!-- [et_pb_line_break_holder] -->    }<!-- [et_pb_line_break_holder] -->    else if (filetype==\"css\"){ <!-- [et_pb_line_break_holder] -->        var fileref=document.createElement(\"link\")<!-- [et_pb_line_break_holder] -->        fileref.setAttribute(\"rel\", \"stylesheet\")<!-- [et_pb_line_break_holder] -->        fileref.setAttribute(\"type\", \"text\/css\")<!-- [et_pb_line_break_holder] -->        fileref.setAttribute(\"href\", filename)<!-- [et_pb_line_break_holder] -->    }<!-- [et_pb_line_break_holder] -->    if (typeof fileref!=\"undefined\")<!-- [et_pb_line_break_holder] -->        document.getElementsByTagName(\"head\")[0].appendChild(fileref);<!-- [et_pb_line_break_holder] -->}<!-- [et_pb_line_break_holder] -->  jQuery(document).ready(function($) {    <!-- [et_pb_line_break_holder] -->    $.ajax({<!-- [et_pb_line_break_holder] -->        method: \"POST\",<!-- [et_pb_line_break_holder] -->        url: \"\/fincalc\/fincalc_it.php\",<!-- [et_pb_line_break_holder] -->        data: { idItem : 1},<!-- [et_pb_line_break_holder] -->        success: function(data) {            <!-- [et_pb_line_break_holder] -->            var arr = $.parseJSON(data);<!-- [et_pb_line_break_holder] -->          \t$(\"#fincalc\").html(arr['html']);          \t<!-- [et_pb_line_break_holder] -->          \tloadjscssfile(\"\/fincalc\/libs\/select2\/js\/select2.full.min.js\",\"js\");<!-- [et_pb_line_break_holder] -->          \tloadjscssfile(\"\/fincalc\/libs\/select2\/maximize-select2-height.min.js\",\"js\");<!-- [et_pb_line_break_holder] -->          \tloadjscssfile(\"\/fincalc\/libs\/currency.js\",\"js\");<!-- [et_pb_line_break_holder] -->          \tloadjscssfile(\"\/fincalc\/libs\/tipped\/js\/tipped.min.js\",\"js\");<!-- [et_pb_line_break_holder] -->          \tloadjscssfile(\"\/fincalc\/libs\/select2\/css\/select2.min.css\",\"css\");<!-- [et_pb_line_break_holder] -->          \tloadjscssfile(\"\/fincalc\/fonts\/awesome\/css\/all.css\",\"css\");<!-- [et_pb_line_break_holder] -->          \tloadjscssfile(\"\/fincalc\/fonts\/sourcesanspro\/sourcesanspro.css\",\"css\");<!-- [et_pb_line_break_holder] -->          \tloadjscssfile(\"\/fincalc\/libs\/tipped\/css\/tipped.css\",\"css\");<!-- [et_pb_line_break_holder] -->          \tloadjscssfile(\"\/fincalc\/fincalc.css\",\"css\");<!-- [et_pb_line_break_holder] -->          \tloadjscssfile(\"\/fincalc\/fincalc_strings_it.js\",\"js\");<!-- [et_pb_line_break_holder] -->          \tloadjscssfile(\"\/fincalc\/fincalc_GOOD.js\",\"js\");<!-- [et_pb_line_break_holder] -->        }<!-- [et_pb_line_break_holder] -->    });<!-- [et_pb_line_break_holder] --><!-- [et_pb_line_break_holder] -->})<\/script>[\/et_pb_fullwidth_code][\/et_pb_section][et_pb_section fb_built=&#8221;1&#8243; _builder_version=&#8221;4.9.2&#8243; _module_preset=&#8221;default&#8221; background_color=&#8221;RGBA(0,0,0,0)&#8221; custom_margin=&#8221;-1px|||||&#8221; custom_padding=&#8221;6px|||||&#8221; animation_style=&#8221;zoom&#8221; animation_duration=&#8221;500ms&#8221;][et_pb_row _builder_version=&#8221;4.9.2&#8243; _module_preset=&#8221;default&#8221; custom_padding=&#8221;0px||||false|false&#8221;][et_pb_column type=&#8221;4_4&#8243; _builder_version=&#8221;4.9.2&#8243; _module_preset=&#8221;default&#8221;][et_pb_text _builder_version=&#8221;4.9.2&#8243; _module_preset=&#8221;default&#8221;]<\/p>\n<h2 style=\"text-align: justify;\">Istruzioni per l\u2019utilizzo del Calcolatore finanziario<\/h2>\n<p style=\"text-align: justify;\">Il Calcolatore finanziario offre un modo rapido per calcolare il Valore attuale netto (VAN), il Tasso di rendimento interno (TRI) ed il Periodo di rientro da un investimento (Payback period) di un\u2019attivit\u00e0 economica.<\/p>\n<p style=\"text-align: justify;\">Una volta compilati i campi del calcolatore, i valori risultanti vengono calcolati automaticamente.<\/p>\n<p style=\"text-align: justify;\">Quando un campo viene compilato, il valore immesso viene confermato premendo il tasto \u201cEnter\u201d oppure cliccando all\u2019esterno del campo appena compilato (es. cliccando all\u2019interno d\u2019un campo diverso oppure ovunque all\u2019interno della finestra del proprio browser).<\/p>\n<p style=\"text-align: justify;\">Quando il valore immesso viene confermato, esso viene visualizzato utilizzando un formato appropriato. Tutti i valori che vengono calcolati automaticamente (risultati) non possono essere modificati (campi di sola lettura).<\/p>\n<h3 style=\"text-align: justify;\">Inserimento dei dati<\/h3>\n<p style=\"text-align: justify;\">Affinch\u00e9 il Calcolatore finanziario possa generare dei risultati, sono presenti diversi campi che vanno compilati. I campi da compilare sono descritti di seguito.<\/p>\n<h4 style=\"text-align: justify;\">1. Investimento<\/h4>\n<p style=\"text-align: justify;\">Il valore dell\u2019investimento iniziale pu\u00f2 essere immesso in due modi:<\/p>\n<ol style=\"text-align: justify;\">\n<li>Inserendo direttamente il valore nel campo appropriato. I valori inseriti negli altri campi di questa categoria verranno ignorati.<\/li>\n<li>Cliccando sul pulsante \u201c+\u201d, presente nell\u2019angolo in alto a destra del campo, una tabella con diversi campi d\u2019inserimento verr\u00e0 visualizzata. Ogni valore pu\u00f2 essere immesso separatamente ed il totale (valore dell\u2019investimento) sar\u00e0 automaticamente calcolato.<\/li>\n<\/ol>\n<h4 style=\"text-align: justify;\">2. Costi variabili per servizio<\/h4>\n<p style=\"text-align: justify;\">Il valore dei costi variabili per servizio pu\u00f2 essere immesso in due modi:<\/p>\n<ol style=\"text-align: justify;\">\n<li>Inserendo direttamente il valore nel campo appropriato. I valori inseriti negli altri campi di questa categoria verranno ignorati.<\/li>\n<li>Cliccando sul pulsante \u201c+\u201d, presente nell\u2019angolo in alto a destra del campo, una tabella con diversi campi d\u2019inserimento verr\u00e0 visualizzata. Ogni valore pu\u00f2 essere immesso separatamente ed il totale dei costi variabili per servizio sar\u00e0 automaticamente calcolato.<\/li>\n<\/ol>\n<h4 style=\"text-align: justify;\">3. Costi fissi (annuali)<\/h4>\n<p style=\"text-align: justify;\">L\u2019ammontare dei costi fissi annuali pu\u00f2 essere immesso in tre modi:<\/p>\n<ol>\n<li>Inserendo direttamente il valore nel campo appropriato. Gli altri valori inseriti negli altri campi di questa categoria verranno ignorati.<\/li>\n<li>Inserendo direttamente il valore dei costi fissi mensili all\u2019interno del campo corrispondente. In questo modo, i costi fissi annuali verranno automaticamente calcolati ed i valori inseriti negli altri campi di questa categoria verranno ignorati.<\/li>\n<li>Cliccando sul pulsante \u201c+\u201d, presente nell\u2019angolo in alto a destra del campo, una tabella con diversi campi d\u2019inserimento verr\u00e0 visualizzata. Ogni valore (mensile) pu\u00f2 essere immesso separatamente ed il totale mensile ed annuale dei costi variabili per servizio sar\u00e0 automaticamente calcolato.<\/li>\n<\/ol>\n<p style=\"text-align: justify;\">Si noti che, per l\u2019esecuzione dei calcoli, solo l\u2019ultima modifica effettuata viene presa in considerazione. Ad esempio se un valore globale (composto dalla somma dei valori presenti nei campi sottostanti) viene modificato, i valori dettagliati verranno cancellati per mantenere la coerenza dei dati visualizzati.<\/p>\n<h4 style=\"text-align: justify;\">4. Numero medio di clienti per anno<\/h4>\n<p style=\"text-align: justify;\">Il numero medio di clienti per anno pu\u00f2 essere immesso separatamente per ogni anno all\u2019interno dei campi corrispondenti. Esiste per\u00f2 anche un\u2019altra possibilit\u00e0 per inserire lo stesso valore in ogni anno. Cliccando sull\u2019icona presente accanto all\u2019etichetta del campo, appare una piccola finestra con un campo compilabile. Inserendo il valore desiderato in quest\u2019ultimo campo, esso sar\u00e0 automaticamente inserito all\u2019interno del campl corrispondente in ogni anno.<\/p>\n<h4 style=\"text-align: justify;\">5. Prezzo<\/h4>\n<p style=\"text-align: justify;\">Il prezzo (d\u2019un servizio) pu\u00f2 essere immesso in ogni anno separatamente. Un\u2019altra possibilit\u00e0 \u00e8 invece quella d\u2019inserire lo stesso valore per ogni anno, similmente a quanto \u00e8 possibile fare con il numero medio annuale di clienti. Cliccando sull\u2019icona presente accanto all\u2019etichetta del campo, appare una piccola finestra con un campo compilabile. Inserendo il valore desiderato in quest\u2019ultimo campo, esso sar\u00e0 automaticamente inserito all\u2019interno del campo corrispondente in ogni anno.<\/p>\n<h4 style=\"text-align: justify;\">6. Tasso di sconto<\/h4>\n<p style=\"text-align: justify;\">Il tasso di sconto pu\u00f2 essere inserito nel campo dedicato. Questo valore \u00e8 necessario al fine d\u2019eseguire il calcolo automatico dei risultati.<\/p>\n<h3 style=\"text-align: justify;\">Impostazioni<\/h3>\n<p style=\"text-align: justify;\">Il pulsante \u201cImpostazioni\u201d apre una piccola finestra che offre la possibilit\u00e0 di modificare dinamicamente il numero d\u2019anni visualizzato nel calcolatore ed utilizzato per calcolare i risultati. Il Calcolatore finanziario si aggiorna automaticamente quando i valori all\u2019interno della finestra \u201cImpostazioni\u201d vengono modificati.<\/p>\n<h3 style=\"text-align: justify;\">Stampa<\/h3>\n<p style=\"text-align: justify;\">Il pulsante \u201cStampa\u201d offre la possibilit\u00e0 di creare un file PDF, che pu\u00f2 poi essere stampato, con i valori visualizzati nel calcolatore. Si noti che il file PDF viene creato solo se tutti i campi d\u2019immissione del calcolatore sono stati compilati e solo dopo aver eseguito il calcolo dei risultati.<\/p>\n<h3 style=\"text-align: justify;\">Excel<\/h3>\n<p style=\"text-align: justify;\">Il pulsante \u201cExcel\u201d offre la possibilit\u00e0 di creare un file di MS Excel con i valori visualizzati nel calcolatore. Si noti che all\u2019interno del file cos\u00ec creato, il calcolo del VAN e del TRI viene eseguito utilizzando le corrispondenti funzioni disponibili in MS Excel. Si noti anche che il file Excel viene creato solo se tutti i campi d\u2019immissione del calcolatore sono stati compilati e solo dopo aver eseguito il calcolo dei risultati.<\/p>\n<h3 style=\"text-align: justify;\">Ripristina<\/h3>\n<p style=\"text-align: justify;\">Il pulsante \u201cRipristina\u201d elimina tutti i valori immessi nel calcolatore, il quale viene reimpostato allo stato iniziale.<\/p>\n<h3 style=\"text-align: justify;\">Esempi<\/h3>\n<p style=\"text-align: justify;\">Il Calcolatore finanziario offre la possibilit\u00e0 di compilare i campi d\u2019inserimento dei dati sulla base di due modelli precompilati. Cliccando su \u201cEsempio 1\u201d o su \u201cEsempio 2\u201d, i dati dei due modelli verranno inseriti nel calcolatore ed i risultati saranno automaticamente visualizzati.<\/p>\n<h3 style=\"text-align: justify;\">Note:<\/h3>\n<p style=\"text-align: justify;\">&#8211; Per il calcolo del periodo di rientro da un investimento (Payback period), il calcolatore considera un anno composto da 365 giorni.<br \/>&#8211; Scaricare file PDF o Excel da questo sito internet potrebbe richiedere di fornire il consenso all\u2019apertura di finestre pop-up all\u2019interno del browser web in uso.<\/p>\n<p>[\/et_pb_text][\/et_pb_column][\/et_pb_row][\/et_pb_section][et_pb_section fb_built=&#8221;1&#8243; _builder_version=&#8221;4.9.2&#8243; _module_preset=&#8221;default&#8221; background_color=&#8221;#848484&#8243; use_background_color_gradient=&#8221;on&#8221; background_color_gradient_start=&#8221;rgba(0,0,0,0.51)&#8221; background_color_gradient_end=&#8221;rgba(0,0,0,0.83)&#8221; custom_padding=&#8221;||0px|||&#8221; locked=&#8221;off&#8221;][et_pb_row column_structure=&#8221;3_4,1_4&#8243; _builder_version=&#8221;4.9.2&#8243; _module_preset=&#8221;default&#8221; custom_padding=&#8221;6px||0px|||&#8221; animation_style=&#8221;fade&#8221; animation_duration=&#8221;600ms&#8221; locked=&#8221;off&#8221;][et_pb_column type=&#8221;3_4&#8243; _builder_version=&#8221;4.9.2&#8243; _module_preset=&#8221;default&#8221;][et_pb_image src=&#8221;https:\/\/probm2.cti.ugal.ro\/site1\/wp-content\/uploads\/2021\/03\/erasmus.png&#8221; _builder_version=&#8221;4.9.2&#8243; _module_preset=&#8221;default&#8221; max_width=&#8221;20em&#8221;][\/et_pb_image][et_pb_text _builder_version=&#8221;4.9.2&#8243; _module_preset=&#8221;default&#8221; text_font=&#8221;Montserrat||||||||&#8221; text_text_color=&#8221;#e09900&#8243; text_font_size=&#8221;1.2em&#8221; text_line_height=&#8221;1.6em&#8221; custom_margin=&#8221;-15px|||||&#8221;]<\/p>\n<p style=\"text-align: justify;\"><strong>ERASMUS+ KA2 Strategic Partnerships for adult education Poland<\/strong><br \/><span style=\"font-size: 0.85em;\">Il progetto &#8220;Capire e sviluppare modelli di business nell&#8217;era globale&#8221; (No.2019-1-PL01-KA204-064951) \u00e8 finanziato con il supporto della Commissione Europea. Il supporto della Commissione Europea a questa pubblicazione non implica il sostegno ai contenuti riportati, i quali riflettono esclusivamente il punto di vista degli autori. La Commissione non pu\u00f2 essere ritenuta responsabile dell\u2019uso fatto delle informazioni in essa contenute.<\/span><\/p>\n<p>[\/et_pb_text][\/et_pb_column][et_pb_column type=&#8221;1_4&#8243; _builder_version=&#8221;4.9.2&#8243; _module_preset=&#8221;default&#8221;][et_pb_text _builder_version=&#8221;4.9.2&#8243; _module_preset=&#8221;default&#8221; text_font=&#8221;Montserrat|600|||||||&#8221; text_text_color=&#8221;#E09900&#8243; text_font_size=&#8221;1.1em&#8221; min_height=&#8221;7px&#8221; custom_padding=&#8221;1em||0px|1px|false|false&#8221;]<\/p>\n<p style=\"text-align: left;\">PROGETTO E CREDITI<\/p>\n<p>[\/et_pb_text][et_pb_menu menu_id=&#8221;28&#8243; submenu_direction=&#8221;upwards&#8221; active_link_color=&#8221;#e0b047&#8243; admin_label=&#8221;ABOUT&#8221; _builder_version=&#8221;4.9.2&#8243; _module_preset=&#8221;default&#8221; menu_font=&#8221;Montserrat|600|||||||&#8221; menu_text_color=&#8221;#E09900&#8243; background_color=&#8221;RGBA(0,0,0,0)&#8221; text_orientation=&#8221;right&#8221; module_alignment=&#8221;left&#8221; custom_margin=&#8221;-0.5em||||false|false&#8221;][\/et_pb_menu][\/et_pb_column][\/et_pb_row][et_pb_row _builder_version=&#8221;4.9.2&#8243; _module_preset=&#8221;default&#8221;][et_pb_column type=&#8221;4_4&#8243; _builder_version=&#8221;4.9.2&#8243; _module_preset=&#8221;default&#8221;][et_pb_text _builder_version=&#8221;4.9.2&#8243; _module_preset=&#8221;default&#8221; text_font=&#8221;Montserrat||||||||&#8221; text_text_color=&#8221;#E09900&#8243; text_font_size=&#8221;1.02em&#8221;]<\/p>\n<p style=\"text-align: center;\">Copyright @2021 &#8211; <a href=\"http:\/\/businessmodels.eu\" target=\"_blank\" rel=\"noopener\" title=\"businessmodels.eu\">businessmodels.eu<\/a><\/p>\n<p>[\/et_pb_text][\/et_pb_column][\/et_pb_row][\/et_pb_section]<\/p>\n","protected":false},"excerpt":{"rendered":"<p>CALCOLATORE FINANZIARIOCalcolatore finanziario &nbsp;Istruzioni per l\u2019utilizzo del Calcolatore finanziario Il Calcolatore finanziario offre un modo rapido per calcolare il Valore attuale netto (VAN), il Tasso di rendimento interno (TRI) ed il Periodo di rientro da un investimento (Payback period) di un\u2019attivit\u00e0 economica. Una volta compilati i campi del calcolatore, i valori risultanti vengono calcolati automaticamente. [&hellip;]<\/p>\n","protected":false},"author":1,"featured_media":0,"parent":0,"menu_order":0,"comment_status":"closed","ping_status":"closed","template":"","meta":{"_et_pb_use_builder":"on","_et_pb_old_content":"","_et_gb_content_width":""},"folder":[126],"_links":{"self":[{"href":"https:\/\/probm2.cti.ugal.ro\/site\/wp-json\/wp\/v2\/pages\/9164"}],"collection":[{"href":"https:\/\/probm2.cti.ugal.ro\/site\/wp-json\/wp\/v2\/pages"}],"about":[{"href":"https:\/\/probm2.cti.ugal.ro\/site\/wp-json\/wp\/v2\/types\/page"}],"author":[{"embeddable":true,"href":"https:\/\/probm2.cti.ugal.ro\/site\/wp-json\/wp\/v2\/users\/1"}],"replies":[{"embeddable":true,"href":"https:\/\/probm2.cti.ugal.ro\/site\/wp-json\/wp\/v2\/comments?post=9164"}],"version-history":[{"count":11,"href":"https:\/\/probm2.cti.ugal.ro\/site\/wp-json\/wp\/v2\/pages\/9164\/revisions"}],"predecessor-version":[{"id":9310,"href":"https:\/\/probm2.cti.ugal.ro\/site\/wp-json\/wp\/v2\/pages\/9164\/revisions\/9310"}],"wp:attachment":[{"href":"https:\/\/probm2.cti.ugal.ro\/site\/wp-json\/wp\/v2\/media?parent=9164"}],"wp:term":[{"taxonomy":"folder","embeddable":true,"href":"https:\/\/probm2.cti.ugal.ro\/site\/wp-json\/wp\/v2\/folder?post=9164"}],"curies":[{"name":"wp","href":"https:\/\/api.w.org\/{rel}","templated":true}]}}