{"id":9207,"date":"2022-01-18T16:33:46","date_gmt":"2022-01-18T14:33:46","guid":{"rendered":"https:\/\/probm2.cti.ugal.ro\/site\/?page_id=9207"},"modified":"2022-02-01T19:47:38","modified_gmt":"2022-02-01T17:47:38","slug":"financial-calculator","status":"publish","type":"page","link":"https:\/\/probm2.cti.ugal.ro\/site\/pt\/financial-calculator\/","title":{"rendered":"Calculadora Financeira"},"content":{"rendered":"<p>[et_pb_section fb_built=&#8221;1&#8243; _builder_version=&#8221;4.9.2&#8243; _module_preset=&#8221;default&#8221; background_color=&#8221;#fce8d4&#8243; background_color_gradient_direction=&#8221;138deg&#8221; background_image=&#8221;https:\/\/probm2.cti.ugal.ro\/site\/wp-content\/uploads\/2021\/06\/calculator.jpg&#8221; width=&#8221;100%&#8221; min_height=&#8221;24em&#8221; custom_padding=&#8221;||0px|||&#8221; animation_style=&#8221;fade&#8221; animation_duration=&#8221;750ms&#8221; global_colors_info=&#8221;{}&#8221;][et_pb_row column_structure=&#8221;2_3,1_3&#8243; _builder_version=&#8221;4.9.2&#8243; _module_preset=&#8221;default&#8221; custom_padding=&#8221;2em||1em||false|false&#8221; global_colors_info=&#8221;{}&#8221;][et_pb_column type=&#8221;2_3&#8243; _builder_version=&#8221;4.9.2&#8243; _module_preset=&#8221;default&#8221; global_colors_info=&#8221;{}&#8221;][et_pb_text _builder_version=&#8221;4.9.2&#8243; _module_preset=&#8221;default&#8221; text_font=&#8221;Montserrat||||||||&#8221; text_text_color=&#8221;#e8e8e8&#8243; text_font_size=&#8221;2.2em&#8221; text_line_height=&#8221;1.6em&#8221; header_font=&#8221;Montserrat||||||||&#8221; background_color=&#8221;RGBA(0,0,0,0)&#8221; use_background_color_gradient=&#8221;on&#8221; background_color_gradient_start=&#8221;rgba(0,0,0,0.58)&#8221; background_color_gradient_end=&#8221;rgba(0,0,0,0.64)&#8221; text_orientation=&#8221;center&#8221; custom_margin=&#8221;||||false|false&#8221; custom_padding=&#8221;1em|1em|1em|1em|true|true&#8221; animation_style=&#8221;zoom&#8221; animation_duration=&#8221;600ms&#8221; animation_intensity_zoom=&#8221;72%&#8221; border_radii=&#8221;on|15px|15px|15px|15px&#8221; global_colors_info=&#8221;{}&#8221;]<\/p>\n<p><strong>CALCULADORA FINANCEIRA<\/strong><\/p>\n<p>[\/et_pb_text][\/et_pb_column][et_pb_column type=&#8221;1_3&#8243; _builder_version=&#8221;4.9.2&#8243; _module_preset=&#8221;default&#8221; global_colors_info=&#8221;{}&#8221;][\/et_pb_column][\/et_pb_row][et_pb_row column_structure=&#8221;1_4,1_4,1_4,1_4&#8243; _builder_version=&#8221;4.9.2&#8243; _module_preset=&#8221;default&#8221; animation_style=&#8221;zoom&#8221; animation_duration=&#8221;500ms&#8221; animation_delay=&#8221;1300ms&#8221; locked=&#8221;off&#8221; global_colors_info=&#8221;{}&#8221;][et_pb_column type=&#8221;1_4&#8243; _builder_version=&#8221;4.9.2&#8243; _module_preset=&#8221;default&#8221; global_colors_info=&#8221;{}&#8221;][\/et_pb_column][et_pb_column type=&#8221;1_4&#8243; _builder_version=&#8221;4.9.2&#8243; _module_preset=&#8221;default&#8221; global_colors_info=&#8221;{}&#8221;][\/et_pb_column][et_pb_column type=&#8221;1_4&#8243; _builder_version=&#8221;4.9.2&#8243; _module_preset=&#8221;default&#8221; global_colors_info=&#8221;{}&#8221;][\/et_pb_column][et_pb_column type=&#8221;1_4&#8243; _builder_version=&#8221;4.9.2&#8243; _module_preset=&#8221;default&#8221; global_colors_info=&#8221;{}&#8221;][et_pb_button button_url=&#8221;#link1&#8243; button_text=&#8221;Instru\u00e7\u00f5es&#8221; button_alignment=&#8221;center&#8221; admin_label=&#8221;Button&#8221; _builder_version=&#8221;4.9.2&#8243; _module_preset=&#8221;default&#8221; global_colors_info=&#8221;{}&#8221;][\/et_pb_button][\/et_pb_column][\/et_pb_row][\/et_pb_section][et_pb_section fb_built=&#8221;1&#8243; _builder_version=&#8221;4.9.2&#8243; _module_preset=&#8221;default&#8221; background_color=&#8221;RGBA(0,0,0,0)&#8221; use_background_color_gradient=&#8221;on&#8221; background_color_gradient_start=&#8221;rgba(0,0,0,0)&#8221; background_color_gradient_end=&#8221;rgba(0,0,0,0)&#8221; background_color_gradient_direction=&#8221;115deg&#8221; custom_padding=&#8221;0px||0px||true|false&#8221; global_colors_info=&#8221;{}&#8221;][et_pb_row _builder_version=&#8221;4.9.2&#8243; _module_preset=&#8221;default&#8221; custom_padding=&#8221;18px||9px||false|false&#8221; global_colors_info=&#8221;{}&#8221;][et_pb_column type=&#8221;4_4&#8243; _builder_version=&#8221;4.9.2&#8243; _module_preset=&#8221;default&#8221; global_colors_info=&#8221;{}&#8221;][et_pb_text _builder_version=&#8221;4.9.2&#8243; _module_preset=&#8221;default&#8221; text_font=&#8221;Montserrat|600|||||||&#8221; text_line_height=&#8221;1em&#8221; custom_margin=&#8221;0px||0px||false|false&#8221; custom_padding=&#8221;34px||0px||false|false&#8221; animation_style=&#8221;slide&#8221; animation_direction=&#8221;bottom&#8221; animation_duration=&#8221;700ms&#8221; animation_delay=&#8221;1000ms&#8221; global_colors_info=&#8221;{}&#8221;]<\/p>\n<h2>Calculadora Financeira<\/h2>\n<p>&nbsp;<\/p>\n<p>[\/et_pb_text][\/et_pb_column][\/et_pb_row][\/et_pb_section][et_pb_section fb_built=&#8221;1&#8243; fullwidth=&#8221;on&#8221; _builder_version=&#8221;4.9.2&#8243; _module_preset=&#8221;default&#8221; background_color=&#8221;RGBA(0,0,0,0)&#8221; custom_margin=&#8221;||0px||false|false&#8221; animation_style=&#8221;zoom&#8221; animation_direction=&#8221;bottom&#8221; animation_duration=&#8221;500ms&#8221; animation_delay=&#8221;400ms&#8221; global_colors_info=&#8221;{}&#8221;][et_pb_fullwidth_code admin_label=&#8221;Fullwidth Code&#8221; module_class=&#8221;bmc-table&#8221; _builder_version=&#8221;4.9.2&#8243; _module_preset=&#8221;default&#8221; custom_margin=&#8221;||0em||false|false&#8221; custom_padding=&#8221;0px|4px|0px|4px|true|true&#8221; global_colors_info=&#8221;{}&#8221;]<\/p>\n<div id=\"fincalc\" class=\"fincalc\"><!-- [et_pb_line_break_holder] -->  <!-- [et_pb_line_break_holder] --><\/div>\n<p><!-- [et_pb_line_break_holder] --><a id=\"link1\"><\/a><!-- [et_pb_line_break_holder] --><script><!-- [et_pb_line_break_holder] -->function loadjscssfile(filename, filetype){<!-- [et_pb_line_break_holder] -->    if (filetype==\"js\"){ <!-- [et_pb_line_break_holder] -->        var fileref=document.createElement('script')<!-- [et_pb_line_break_holder] -->        fileref.setAttribute(\"type\",\"text\/javascript\")<!-- [et_pb_line_break_holder] -->        fileref.setAttribute(\"src\", filename)<!-- [et_pb_line_break_holder] -->    }<!-- [et_pb_line_break_holder] -->    else if (filetype==\"css\"){ <!-- [et_pb_line_break_holder] -->        var fileref=document.createElement(\"link\")<!-- [et_pb_line_break_holder] -->        fileref.setAttribute(\"rel\", \"stylesheet\")<!-- [et_pb_line_break_holder] -->        fileref.setAttribute(\"type\", \"text\/css\")<!-- [et_pb_line_break_holder] -->        fileref.setAttribute(\"href\", filename)<!-- [et_pb_line_break_holder] -->    }<!-- [et_pb_line_break_holder] -->    if (typeof fileref!=\"undefined\")<!-- [et_pb_line_break_holder] -->        document.getElementsByTagName(\"head\")[0].appendChild(fileref);<!-- [et_pb_line_break_holder] -->}<!-- [et_pb_line_break_holder] -->  jQuery(document).ready(function($) {    <!-- [et_pb_line_break_holder] -->    $.ajax({<!-- [et_pb_line_break_holder] -->        method: \"POST\",<!-- [et_pb_line_break_holder] -->        url: \"\/fincalc\/fincalc_pt.php\",<!-- [et_pb_line_break_holder] -->        data: { idItem : 1},<!-- [et_pb_line_break_holder] -->        success: function(data) {            <!-- [et_pb_line_break_holder] -->            var arr = $.parseJSON(data);<!-- [et_pb_line_break_holder] -->          \t$(\"#fincalc\").html(arr['html']);          \t<!-- [et_pb_line_break_holder] -->          \tloadjscssfile(\"\/fincalc\/libs\/select2\/js\/select2.full.min.js\",\"js\");<!-- [et_pb_line_break_holder] -->          \tloadjscssfile(\"\/fincalc\/libs\/select2\/maximize-select2-height.min.js\",\"js\");<!-- [et_pb_line_break_holder] -->          \tloadjscssfile(\"\/fincalc\/libs\/currency.js\",\"js\");<!-- [et_pb_line_break_holder] -->          \tloadjscssfile(\"\/fincalc\/libs\/tipped\/js\/tipped.min.js\",\"js\");<!-- [et_pb_line_break_holder] -->          \tloadjscssfile(\"\/fincalc\/libs\/select2\/css\/select2.min.css\",\"css\");<!-- [et_pb_line_break_holder] -->          \tloadjscssfile(\"\/fincalc\/fonts\/awesome\/css\/all.css\",\"css\");<!-- [et_pb_line_break_holder] -->          \tloadjscssfile(\"\/fincalc\/fonts\/sourcesanspro\/sourcesanspro.css\",\"css\");<!-- [et_pb_line_break_holder] -->          \tloadjscssfile(\"\/fincalc\/libs\/tipped\/css\/tipped.css\",\"css\");<!-- [et_pb_line_break_holder] -->          \tloadjscssfile(\"\/fincalc\/fincalc.css\",\"css\");<!-- [et_pb_line_break_holder] -->          \tloadjscssfile(\"\/fincalc\/fincalc_strings_pt.js\",\"js\");<!-- [et_pb_line_break_holder] -->          \tloadjscssfile(\"\/fincalc\/fincalc.js\",\"js\");<!-- [et_pb_line_break_holder] -->        }<!-- [et_pb_line_break_holder] -->    });<!-- [et_pb_line_break_holder] --><!-- [et_pb_line_break_holder] -->})<\/script>[\/et_pb_fullwidth_code][\/et_pb_section][et_pb_section fb_built=&#8221;1&#8243; _builder_version=&#8221;4.9.2&#8243; _module_preset=&#8221;default&#8221; background_color=&#8221;RGBA(0,0,0,0)&#8221; custom_margin=&#8221;-1px|||||&#8221; custom_padding=&#8221;6px|||||&#8221; animation_style=&#8221;zoom&#8221; animation_duration=&#8221;500ms&#8221; global_colors_info=&#8221;{}&#8221;][et_pb_row _builder_version=&#8221;4.9.2&#8243; _module_preset=&#8221;default&#8221; custom_padding=&#8221;0px||||false|false&#8221; global_colors_info=&#8221;{}&#8221;][et_pb_column type=&#8221;4_4&#8243; _builder_version=&#8221;4.9.2&#8243; _module_preset=&#8221;default&#8221; global_colors_info=&#8221;{}&#8221;][et_pb_text _builder_version=&#8221;4.9.2&#8243; _module_preset=&#8221;default&#8221; global_colors_info=&#8221;{}&#8221;]<\/p>\n<h2 style=\"text-align: justify;\">Instru\u00e7\u00f5es para a utiliza\u00e7\u00e3o da Calculadora Financeira<\/h2>\n<p style=\"text-align: justify;\">A Calculadora Financeira proporciona uma forma r\u00e1pida de calcular o Valor Atual L\u00edquido (VAL), a Taxa Interna de Retorno (TIR) e o Per\u00edodo de Retorno para uma empresa.<\/p>\n<p style=\"text-align: justify;\">Os valores s\u00e3o automaticamente calculados depois de preenchidos os campos obrigat\u00f3rios. <\/p>\n<p style=\"text-align: justify;\">Ao introduzir dados num campo e carregar na tecla Enter, (ou clicar noutro campo ou noutro lugar na janela), os valores s\u00e3o validados.<\/p>\n<p style=\"text-align: justify;\">A formata\u00e7\u00e3o dos valores apresentados surge quando um valor n\u00e3o se adequa. Todos os valores que s\u00e3o automaticamente calculados n\u00e3o podem ser modificados, uma vez que os campos s\u00e3o de consulta apenas.<\/p>\n<h3 style=\"text-align: justify;\">Introdu\u00e7\u00e3o de dados<\/h3>\n<p style=\"text-align: justify;\">Para que a Calculadora Financeira produzir resultados, os dados devem ser introduzidos em v\u00e1rios campos. Estes s\u00e3o descritos abaixo:<\/p>\n<h4 style=\"text-align: justify;\">1. Investimento<\/h4>\n<p style=\"text-align: justify;\">O valor para o investimento inicial pode ser introduzido de duas maneiras:<\/p>\n<ol style=\"text-align: justify;\">\n<li>Introduzindo diretamente o valor no campo certo. Os valores introduzidos nos outros campos para esta categoria ser\u00e3o ignorados.<\/li>\n<li>Ao clicar no sinal &#8220;+&#8221; no canto superior direito, ser\u00e1 exibida uma tabela com v\u00e1rias caixas de texto. Cada valor pode ser introduzido separadamente, e o total (investimento) ser\u00e1 automaticamente calculado.<\/li>\n<\/ol>\n<h4 style=\"text-align: justify;\">2. Custos vari\u00e1veis por servi\u00e7o<\/h4>\n<p style=\"text-align: justify;\">O valor dos custos vari\u00e1veis por servi\u00e7o pode ser introduzido de duas maneiras:<\/p>\n<ol style=\"text-align: justify;\">\n<li>Introduzindo diretamente o valor no campo certo. Os valores introduzidos nos outros campos para esta categoria ser\u00e3o ignorados.<\/li>\n<li>Ao clicar no sinal &#8220;+&#8221; no canto superior direito, ser\u00e1 exibida uma tabela com v\u00e1rias caixas de texto. Cada valor pode ser introduzido separadamente, e o custo vari\u00e1vel total ser\u00e1 automaticamente calculado.<\/li>\n<\/ol>\n<h4 style=\"text-align: justify;\">3. Custos fixos (por ano\/anual)<\/h4>\n<p style=\"text-align: justify;\">Os custos fixos anuais podem ser introduzidos de tr\u00eas maneiras:<\/p>\n<ol>\n<li>Introduzindo diretamente o valor no campo certo. Os valores introduzidos nos outros campos para esta categoria ser\u00e3o ignorados.<\/li>\n<li>Introduzindo diretamente o valor dos custos fixos por m\u00eas no campo correspondente. Os custos fixos anuais ser\u00e3o calculados automaticamente. Os valores introduzidos nos outros campos para esta categoria ser\u00e3o ignorados.<\/li>\n<li>Ao clicar no sinal &#8220;+&#8221; no canto superior direito, ser\u00e1 exibida uma tabela com v\u00e1rias caixas de texto. Cada valor (por m\u00eas) pode ser introduzido separadamente, e os custos vari\u00e1veis totais por servi\u00e7o por m\u00eas e por ano ser\u00e3o automaticamente calculados.<\/li>\n<\/ol>\n<p style=\"text-align: justify;\">Note-se que apenas a \u00faltima modifica\u00e7\u00e3o \u00e9 considerada para os c\u00e1lculos. Por exemplo, se um valor global for modificado (a soma dos valores dentro da tabela abaixo), os valores ser\u00e3o apagados de forma a manter a congru\u00eancia dos dados apresentados.<\/p>\n<h4 style=\"text-align: justify;\">4. M\u00e9dia de clientes por ano<\/h4>\n<p style=\"text-align: justify;\">O n\u00famero m\u00e9dio de clientes por ano pode ser introduzido separadamente para cada ano nas caixas de texto correspondentes. Existe, no entanto, outra op\u00e7\u00e3o, que \u00e9 a de introduzir o mesmo valor para todos os anos.<br \/>Ao clicar no \u00edcone ao lado do r\u00f3tulo de texto, aparecer\u00e1 uma pequena janela. Introduza o n\u00famero adequado na caixa de texto dentro da janela, e o valor ser\u00e1 gerado nos campos correspondentes.<\/p>\n<h4 style=\"text-align: justify;\">5. Pre\u00e7o<\/h4>\n<p style=\"text-align: justify;\">O pre\u00e7o (de um servi\u00e7o) pode ser introduzido separadamente para cada ano. Outra op\u00e7\u00e3o seria introduzir o mesmo valor para todos os anos, de forma semelhante \u00e0 descrita anteriormente, para o n\u00famero de clientes m\u00e9dios por ano.\u00a0<\/p>\n<h4 style=\"text-align: justify;\">6. Taxa de Desconto<\/h4>\n<p style=\"text-align: justify;\">A taxa de desconto pode ser introduzida no campo adequado. O valor \u00e9 necess\u00e1rio para que o c\u00e1lculo autom\u00e1tico possa ocorrer.<\/p>\n<h3 style=\"text-align: justify;\">Defini\u00e7\u00f5es<\/h3>\n<p style=\"text-align: justify;\">O bot\u00e3o das &#8220;Defini\u00e7\u00f5es&#8221; ir\u00e1 abrir uma pequena janela que d\u00e1 a possibilidade de modificar o n\u00famero de anos que s\u00e3o considerados para os c\u00e1lculos. A calculadora financeira ir\u00e1 atualizar-se quando os valores dentro da janela das &#8220;Defini\u00e7\u00f5es&#8221; forem modificados.<\/p>\n<h3 style=\"text-align: justify;\">Imprimir<\/h3>\n<p style=\"text-align: justify;\">O bot\u00e3o &#8220;Imprimir&#8221; d\u00e1 a possibilidade de gerar um ficheiro PDF que pode ser impresso. Os valores apresentados ser\u00e3o utilizados. Note que o ficheiro s\u00f3 ser\u00e1 gerado se todos os campos requeridos estiverem preenchidos e se for poss\u00edvel gerar um c\u00e1lculo financeiro.<\/p>\n<h3 style=\"text-align: justify;\">Excel<\/h3>\n<p style=\"text-align: justify;\">O bot\u00e3o &#8220;Excel&#8221; oferece a possibilidade de gerar um ficheiro MS Excel que conter\u00e1 os dados apresentados. Note-se que os c\u00e1lculos dentro do ficheiro gerado ser\u00e3o feitos usando as fun\u00e7\u00f5es do MS Excel para os valores VAL e TIR. Note-se que o ficheiro ser\u00e1 gerado apenas se todos os campos requeridos estiverem preenchidos e se for poss\u00edvel gerar um c\u00e1lculo financeiro.<\/p>\n<h3 style=\"text-align: justify;\">Reiniciar<\/h3>\n<p style=\"text-align: justify;\">O bot\u00e3o &#8221; Reiniciar&#8221; apaga todos os dados, deixando a Calculadora Financeira no seu ponto inicial.<\/p>\n<h3 style=\"text-align: justify;\">Exemplos<\/h3>\n<p style=\"text-align: justify;\">A Calculadora Financeira d\u00e1 a possibilidade de preencher o formul\u00e1rio com dados para dois modelos. Ao clicar em &#8220;Exemplo 1&#8221; ou &#8220;Exemplo 2&#8221;, o valor dos campos ser\u00e1 estimado com valores pr\u00e9-definidos e o c\u00e1lculo ser\u00e1 completado.<\/p>\n<h3 style=\"text-align: justify;\">Notas:<\/h3>\n<p style=\"text-align: justify;\">&#8211; O c\u00e1lculo para o &#8220;Per\u00edodo de retorno&#8221; pressup\u00f5e que cada ano \u00e9 composto por 365 dias.<br \/>&#8211; O descarregamento de ficheiros do site (PDF e Excel) pode pedir-lhe que autorize janelas pop-up no browser que est\u00e1 a utilizar.<\/p>\n<p style=\"text-align: justify;\">[\/et_pb_text][\/et_pb_column][\/et_pb_row][\/et_pb_section][et_pb_section fb_built=&#8221;1&#8243; _builder_version=&#8221;4.9.2&#8243; _module_preset=&#8221;default&#8221; background_color=&#8221;#848484&#8243; use_background_color_gradient=&#8221;on&#8221; background_color_gradient_start=&#8221;rgba(0,0,0,0.51)&#8221; background_color_gradient_end=&#8221;rgba(0,0,0,0.83)&#8221; custom_padding=&#8221;||0px|||&#8221; locked=&#8221;off&#8221; global_colors_info=&#8221;{}&#8221;][et_pb_row column_structure=&#8221;3_4,1_4&#8243; _builder_version=&#8221;4.9.2&#8243; _module_preset=&#8221;default&#8221; custom_padding=&#8221;6px||0px|||&#8221; animation_style=&#8221;fade&#8221; animation_duration=&#8221;600ms&#8221; locked=&#8221;off&#8221; global_colors_info=&#8221;{}&#8221;][et_pb_column type=&#8221;3_4&#8243; _builder_version=&#8221;4.9.2&#8243; _module_preset=&#8221;default&#8221; global_colors_info=&#8221;{}&#8221;][et_pb_image src=&#8221;https:\/\/probm2.cti.ugal.ro\/site1\/wp-content\/uploads\/2021\/03\/erasmus.png&#8221; _builder_version=&#8221;4.9.2&#8243; _module_preset=&#8221;default&#8221; max_width=&#8221;20em&#8221; global_colors_info=&#8221;{}&#8221;][\/et_pb_image][et_pb_text _builder_version=&#8221;4.9.2&#8243; _module_preset=&#8221;default&#8221; text_font=&#8221;Montserrat||||||||&#8221; text_text_color=&#8221;#e09900&#8243; text_font_size=&#8221;1.2em&#8221; text_line_height=&#8221;1.6em&#8221; custom_margin=&#8221;-15px|||||&#8221; locked=&#8221;off&#8221; global_colors_info=&#8221;{}&#8221;]<\/p>\n<p style=\"text-align: justify;\"><strong>ERASMUS+ KA2 Strategic Partnerships for adult education Poland<\/strong><br \/>\n<span style=\"font-size: 0.85em;\">Este projeto recebeu financiamento da Comiss\u00e3o Europeia no \u00e2mbito do programa Erasmus + \u201cEntender e Desenvolver Modelos de Neg\u00f3cio na Era da Globaliza\u00e7\u00e3o\u201d (No.2019-1-PL01-KA204-064951). O apoio da Comiss\u00e3o Europeia \u00e0 produ\u00e7\u00e3o desta publica\u00e7\u00e3o n\u00e3o constitui um aval do seu conte\u00fado, que reflete unicamente o ponto de vista dos autores, e a Comiss\u00e3o n\u00e3o pode ser considerada respons\u00e1vel por eventuais utiliza\u00e7\u00f5es que possam ser feitas com as informa\u00e7\u00f5es nela contidas.<\/span><\/p>\n<p>[\/et_pb_text][\/et_pb_column][et_pb_column type=&#8221;1_4&#8243; _builder_version=&#8221;4.9.2&#8243; _module_preset=&#8221;default&#8221; global_colors_info=&#8221;{}&#8221;][et_pb_text _builder_version=&#8221;4.14.7&#8243; _module_preset=&#8221;default&#8221; text_font=&#8221;Montserrat|600|||||||&#8221; text_text_color=&#8221;#E09900&#8243; text_font_size=&#8221;1.1em&#8221; min_height=&#8221;7px&#8221; custom_padding=&#8221;1em||0px|1px|false|false&#8221; hover_enabled=&#8221;0&#8243; global_colors_info=&#8221;{}&#8221; sticky_enabled=&#8221;0&#8243;]<\/p>\n<p style=\"text-align: left;\">PROJETO E CR\u00c9DITOS<\/p>\n<p>[\/et_pb_text][et_pb_menu menu_id=&#8221;28&#8243; submenu_direction=&#8221;upwards&#8221; active_link_color=&#8221;#e0b047&#8243; admin_label=&#8221;ABOUT&#8221; _builder_version=&#8221;4.9.2&#8243; _module_preset=&#8221;default&#8221; menu_font=&#8221;Montserrat|600|||||||&#8221; menu_text_color=&#8221;#E09900&#8243; background_color=&#8221;RGBA(0,0,0,0)&#8221; text_orientation=&#8221;right&#8221; module_alignment=&#8221;left&#8221; custom_margin=&#8221;-0.5em||||false|false&#8221; global_colors_info=&#8221;{}&#8221;][\/et_pb_menu][\/et_pb_column][\/et_pb_row][et_pb_row _builder_version=&#8221;4.9.2&#8243; _module_preset=&#8221;default&#8221; global_colors_info=&#8221;{}&#8221;][et_pb_column type=&#8221;4_4&#8243; _builder_version=&#8221;4.9.2&#8243; _module_preset=&#8221;default&#8221; global_colors_info=&#8221;{}&#8221;][et_pb_text _builder_version=&#8221;4.9.2&#8243; _module_preset=&#8221;default&#8221; text_font=&#8221;Montserrat||||||||&#8221; text_text_color=&#8221;#E09900&#8243; text_font_size=&#8221;1.02em&#8221; global_colors_info=&#8221;{}&#8221;]<\/p>\n<p style=\"text-align: center;\">Copyright @2021 &#8211; <a href=\"http:\/\/businessmodels.eu\" target=\"_blank\" rel=\"noopener\" title=\"businessmodels.eu\">businessmodels.eu<\/a><\/p>\n<p>[\/et_pb_text][\/et_pb_column][\/et_pb_row][\/et_pb_section]<\/p>\n","protected":false},"excerpt":{"rendered":"<p>CALCULADORA FINANCEIRACalculadora Financeira &nbsp;Instru\u00e7\u00f5es para a utiliza\u00e7\u00e3o da Calculadora Financeira A Calculadora Financeira proporciona uma forma r\u00e1pida de calcular o Valor Atual L\u00edquido (VAL), a Taxa Interna de Retorno (TIR) e o Per\u00edodo de Retorno para uma empresa. Os valores s\u00e3o automaticamente calculados depois de preenchidos os campos obrigat\u00f3rios. Ao introduzir dados num campo e [&hellip;]<\/p>\n","protected":false},"author":1,"featured_media":0,"parent":0,"menu_order":0,"comment_status":"closed","ping_status":"closed","template":"","meta":{"_et_pb_use_builder":"on","_et_pb_old_content":"","_et_gb_content_width":""},"folder":[126],"_links":{"self":[{"href":"https:\/\/probm2.cti.ugal.ro\/site\/wp-json\/wp\/v2\/pages\/9207"}],"collection":[{"href":"https:\/\/probm2.cti.ugal.ro\/site\/wp-json\/wp\/v2\/pages"}],"about":[{"href":"https:\/\/probm2.cti.ugal.ro\/site\/wp-json\/wp\/v2\/types\/page"}],"author":[{"embeddable":true,"href":"https:\/\/probm2.cti.ugal.ro\/site\/wp-json\/wp\/v2\/users\/1"}],"replies":[{"embeddable":true,"href":"https:\/\/probm2.cti.ugal.ro\/site\/wp-json\/wp\/v2\/comments?post=9207"}],"version-history":[{"count":35,"href":"https:\/\/probm2.cti.ugal.ro\/site\/wp-json\/wp\/v2\/pages\/9207\/revisions"}],"predecessor-version":[{"id":16515,"href":"https:\/\/probm2.cti.ugal.ro\/site\/wp-json\/wp\/v2\/pages\/9207\/revisions\/16515"}],"wp:attachment":[{"href":"https:\/\/probm2.cti.ugal.ro\/site\/wp-json\/wp\/v2\/media?parent=9207"}],"wp:term":[{"taxonomy":"folder","embeddable":true,"href":"https:\/\/probm2.cti.ugal.ro\/site\/wp-json\/wp\/v2\/folder?post=9207"}],"curies":[{"name":"wp","href":"https:\/\/api.w.org\/{rel}","templated":true}]}}