{"id":9255,"date":"2022-01-19T06:52:28","date_gmt":"2022-01-19T04:52:28","guid":{"rendered":"https:\/\/probm2.cti.ugal.ro\/site\/?page_id=9255"},"modified":"2022-02-01T19:24:42","modified_gmt":"2022-02-01T17:24:42","slug":"financial-calculator","status":"publish","type":"page","link":"https:\/\/probm2.cti.ugal.ro\/site\/pl\/financial-calculator\/","title":{"rendered":"Kalkulator Finansowy"},"content":{"rendered":"<p>[et_pb_section fb_built=&#8221;1&#8243; _builder_version=&#8221;4.9.2&#8243; _module_preset=&#8221;default&#8221; background_color=&#8221;#fce8d4&#8243; background_color_gradient_direction=&#8221;138deg&#8221; background_image=&#8221;https:\/\/probm2.cti.ugal.ro\/site\/wp-content\/uploads\/2021\/06\/calculator.jpg&#8221; width=&#8221;100%&#8221; min_height=&#8221;24em&#8221; custom_padding=&#8221;||0px|||&#8221; animation_style=&#8221;fade&#8221; animation_duration=&#8221;750ms&#8221; global_colors_info=&#8221;{}&#8221;][et_pb_row column_structure=&#8221;2_3,1_3&#8243; _builder_version=&#8221;4.9.2&#8243; _module_preset=&#8221;default&#8221; custom_padding=&#8221;2em||1em||false|false&#8221; global_colors_info=&#8221;{}&#8221;][et_pb_column type=&#8221;2_3&#8243; _builder_version=&#8221;4.9.2&#8243; _module_preset=&#8221;default&#8221; global_colors_info=&#8221;{}&#8221;][et_pb_text _builder_version=&#8221;4.14.7&#8243; _module_preset=&#8221;default&#8221; text_font=&#8221;Montserrat||||||||&#8221; text_text_color=&#8221;#e8e8e8&#8243; text_font_size=&#8221;2.2em&#8221; text_line_height=&#8221;1.6em&#8221; header_font=&#8221;Montserrat||||||||&#8221; background_color=&#8221;RGBA(0,0,0,0)&#8221; use_background_color_gradient=&#8221;on&#8221; background_color_gradient_start=&#8221;rgba(0,0,0,0.58)&#8221; background_color_gradient_end=&#8221;rgba(0,0,0,0.64)&#8221; text_orientation=&#8221;center&#8221; custom_margin=&#8221;||||false|false&#8221; custom_padding=&#8221;1em|1em|1em|1em|true|true&#8221; animation_style=&#8221;zoom&#8221; animation_duration=&#8221;600ms&#8221; animation_intensity_zoom=&#8221;72%&#8221; border_radii=&#8221;on|15px|15px|15px|15px&#8221; global_colors_info=&#8221;{}&#8221;]<\/p>\n<p><strong>KALKULATOR FINANSOWY<\/strong><\/p>\n<p>[\/et_pb_text][\/et_pb_column][et_pb_column type=&#8221;1_3&#8243; _builder_version=&#8221;4.9.2&#8243; _module_preset=&#8221;default&#8221; global_colors_info=&#8221;{}&#8221;][\/et_pb_column][\/et_pb_row][et_pb_row column_structure=&#8221;1_4,1_4,1_4,1_4&#8243; _builder_version=&#8221;4.9.2&#8243; _module_preset=&#8221;default&#8221; animation_style=&#8221;zoom&#8221; animation_duration=&#8221;500ms&#8221; animation_delay=&#8221;1300ms&#8221; locked=&#8221;off&#8221; global_colors_info=&#8221;{}&#8221;][et_pb_column type=&#8221;1_4&#8243; _builder_version=&#8221;4.9.2&#8243; _module_preset=&#8221;default&#8221; global_colors_info=&#8221;{}&#8221;][\/et_pb_column][et_pb_column type=&#8221;1_4&#8243; _builder_version=&#8221;4.9.2&#8243; _module_preset=&#8221;default&#8221; global_colors_info=&#8221;{}&#8221;][\/et_pb_column][et_pb_column type=&#8221;1_4&#8243; _builder_version=&#8221;4.9.2&#8243; _module_preset=&#8221;default&#8221; global_colors_info=&#8221;{}&#8221;][\/et_pb_column][et_pb_column type=&#8221;1_4&#8243; _builder_version=&#8221;4.9.2&#8243; _module_preset=&#8221;default&#8221; global_colors_info=&#8221;{}&#8221;][et_pb_button button_url=&#8221;#link1&#8243; button_text=&#8221;Instrukcje&#8221; button_alignment=&#8221;center&#8221; admin_label=&#8221;Button&#8221; _builder_version=&#8221;4.9.2&#8243; _module_preset=&#8221;default&#8221; global_colors_info=&#8221;{}&#8221;][\/et_pb_button][\/et_pb_column][\/et_pb_row][\/et_pb_section][et_pb_section fb_built=&#8221;1&#8243; _builder_version=&#8221;4.9.2&#8243; _module_preset=&#8221;default&#8221; background_color=&#8221;RGBA(0,0,0,0)&#8221; use_background_color_gradient=&#8221;on&#8221; background_color_gradient_start=&#8221;rgba(0,0,0,0)&#8221; background_color_gradient_end=&#8221;rgba(0,0,0,0)&#8221; background_color_gradient_direction=&#8221;115deg&#8221; custom_padding=&#8221;0px||0px||true|false&#8221; global_colors_info=&#8221;{}&#8221;][et_pb_row _builder_version=&#8221;4.9.2&#8243; _module_preset=&#8221;default&#8221; custom_padding=&#8221;18px||9px||false|false&#8221; global_colors_info=&#8221;{}&#8221;][et_pb_column type=&#8221;4_4&#8243; _builder_version=&#8221;4.9.2&#8243; _module_preset=&#8221;default&#8221; global_colors_info=&#8221;{}&#8221;][et_pb_text _builder_version=&#8221;4.14.7&#8243; _module_preset=&#8221;default&#8221; text_font=&#8221;Montserrat|600|||||||&#8221; text_line_height=&#8221;1em&#8221; custom_margin=&#8221;0px||0px||false|false&#8221; custom_padding=&#8221;34px||0px||false|false&#8221; animation_style=&#8221;slide&#8221; animation_direction=&#8221;bottom&#8221; animation_duration=&#8221;700ms&#8221; animation_delay=&#8221;1000ms&#8221; global_colors_info=&#8221;{}&#8221;]<\/p>\n<h2>Kalkulator finansowy<\/h2>\n<p>&nbsp;<\/p>\n<p>[\/et_pb_text][\/et_pb_column][\/et_pb_row][\/et_pb_section][et_pb_section fb_built=&#8221;1&#8243; fullwidth=&#8221;on&#8221; _builder_version=&#8221;4.9.2&#8243; _module_preset=&#8221;default&#8221; background_color=&#8221;RGBA(0,0,0,0)&#8221; custom_margin=&#8221;||0px||false|false&#8221; animation_style=&#8221;zoom&#8221; animation_direction=&#8221;bottom&#8221; animation_duration=&#8221;500ms&#8221; animation_delay=&#8221;400ms&#8221; global_colors_info=&#8221;{}&#8221;][et_pb_fullwidth_code admin_label=&#8221;Fullwidth Code&#8221; module_class=&#8221;bmc-table&#8221; _builder_version=&#8221;4.9.2&#8243; _module_preset=&#8221;default&#8221; custom_margin=&#8221;||0em||false|false&#8221; custom_padding=&#8221;0px|4px|0px|4px|true|true&#8221; global_colors_info=&#8221;{}&#8221;]<\/p>\n<div id=\"fincalc\" class=\"fincalc\"><!-- [et_pb_line_break_holder] -->  <!-- [et_pb_line_break_holder] --><\/div>\n<p><!-- [et_pb_line_break_holder] --><a id=\"link1\"><\/a><!-- [et_pb_line_break_holder] --><script><!-- [et_pb_line_break_holder] -->function loadjscssfile(filename, filetype){<!-- [et_pb_line_break_holder] -->    if (filetype==\"js\"){ <!-- [et_pb_line_break_holder] -->        var fileref=document.createElement('script')<!-- [et_pb_line_break_holder] -->        fileref.setAttribute(\"type\",\"text\/javascript\")<!-- [et_pb_line_break_holder] -->        fileref.setAttribute(\"src\", filename)<!-- [et_pb_line_break_holder] -->    }<!-- [et_pb_line_break_holder] -->    else if (filetype==\"css\"){ <!-- [et_pb_line_break_holder] -->        var fileref=document.createElement(\"link\")<!-- [et_pb_line_break_holder] -->        fileref.setAttribute(\"rel\", \"stylesheet\")<!-- [et_pb_line_break_holder] -->        fileref.setAttribute(\"type\", \"text\/css\")<!-- [et_pb_line_break_holder] -->        fileref.setAttribute(\"href\", filename)<!-- [et_pb_line_break_holder] -->    }<!-- [et_pb_line_break_holder] -->    if (typeof fileref!=\"undefined\")<!-- [et_pb_line_break_holder] -->        document.getElementsByTagName(\"head\")[0].appendChild(fileref);<!-- [et_pb_line_break_holder] -->}<!-- [et_pb_line_break_holder] -->  jQuery(document).ready(function($) {    <!-- [et_pb_line_break_holder] -->    $.ajax({<!-- [et_pb_line_break_holder] -->        method: \"POST\",<!-- [et_pb_line_break_holder] -->        url: \"\/fincalc\/fincalc_pl.php\",<!-- [et_pb_line_break_holder] -->        data: { idItem : 1},<!-- [et_pb_line_break_holder] -->        success: function(data) {            <!-- [et_pb_line_break_holder] -->            var arr = $.parseJSON(data);<!-- [et_pb_line_break_holder] -->          \t$(\"#fincalc\").html(arr['html']);          \t<!-- [et_pb_line_break_holder] -->          \tloadjscssfile(\"\/fincalc\/libs\/select2\/js\/select2.full.min.js\",\"js\");<!-- [et_pb_line_break_holder] -->          \tloadjscssfile(\"\/fincalc\/libs\/select2\/maximize-select2-height.min.js\",\"js\");<!-- [et_pb_line_break_holder] -->          \tloadjscssfile(\"\/fincalc\/libs\/currency.js\",\"js\");<!-- [et_pb_line_break_holder] -->          \tloadjscssfile(\"\/fincalc\/libs\/tipped\/js\/tipped.min.js\",\"js\");<!-- [et_pb_line_break_holder] -->          \tloadjscssfile(\"\/fincalc\/libs\/select2\/css\/select2.min.css\",\"css\");<!-- [et_pb_line_break_holder] -->          \tloadjscssfile(\"\/fincalc\/fonts\/awesome\/css\/all.css\",\"css\");<!-- [et_pb_line_break_holder] -->          \tloadjscssfile(\"\/fincalc\/fonts\/sourcesanspro\/sourcesanspro.css\",\"css\");<!-- [et_pb_line_break_holder] -->          \tloadjscssfile(\"\/fincalc\/libs\/tipped\/css\/tipped.css\",\"css\");<!-- [et_pb_line_break_holder] -->          \tloadjscssfile(\"\/fincalc\/fincalc.css\",\"css\");<!-- [et_pb_line_break_holder] -->          \tloadjscssfile(\"\/fincalc\/fincalc_strings_pl.js\",\"js\");<!-- [et_pb_line_break_holder] -->          \tloadjscssfile(\"\/fincalc\/fincalc.js\",\"js\");<!-- [et_pb_line_break_holder] -->        }<!-- [et_pb_line_break_holder] -->    });<!-- [et_pb_line_break_holder] --><!-- [et_pb_line_break_holder] -->})<\/script>[\/et_pb_fullwidth_code][\/et_pb_section][et_pb_section fb_built=&#8221;1&#8243; _builder_version=&#8221;4.9.2&#8243; _module_preset=&#8221;default&#8221; background_color=&#8221;RGBA(0,0,0,0)&#8221; custom_margin=&#8221;-1px|||||&#8221; custom_padding=&#8221;6px|||||&#8221; animation_style=&#8221;zoom&#8221; animation_duration=&#8221;500ms&#8221; global_colors_info=&#8221;{}&#8221;][et_pb_row _builder_version=&#8221;4.9.2&#8243; _module_preset=&#8221;default&#8221; custom_padding=&#8221;0px||||false|false&#8221; global_colors_info=&#8221;{}&#8221;][et_pb_column type=&#8221;4_4&#8243; _builder_version=&#8221;4.9.2&#8243; _module_preset=&#8221;default&#8221; global_colors_info=&#8221;{}&#8221;][et_pb_text _builder_version=&#8221;4.9.2&#8243; _module_preset=&#8221;default&#8221; global_colors_info=&#8221;{}&#8221;]<\/p>\n<h2 style=\"text-align: justify;\">Instrukcje dotycz\u0105ce zastosowania kalkulatora finansowego<\/h2>\n<p style=\"text-align: justify;\">Kalkulator finansowy umo\u017cliwia szybkie obliczenie warto\u015bci bie\u017c\u0105cej netto (NPV), wewn\u0119trznej stopy zwrotu (IRR) oraz oszacowanie terminu osi\u0105gni\u0119cia zwrotu z inwestycji.<\/p>\n<p style=\"text-align: justify;\">Obliczenia s\u0105 przeprowadzane automatycznie po uzupe\u0142nieniu przez u\u017cytkownika wszystkich wymaganych p\u00f3l. <\/p>\n<p style=\"text-align: justify;\">Wprowadzone w pole warto\u015bci zostaj\u0105 zatwierdzone po naci\u015bni\u0119ciu klawisza \u201eEnter\u201d lub przej\u015bciu do innego pola lub klikni\u0119cie w innym miejscu w oknie. Zmiana automatycznie obliczanych warto\u015bci jest niemo\u017cliwa poniewa\u017c polom je zawieraj\u0105cym nadano atrybut \u201ewy\u0142\u0105cznie do odczytu\u201d.<\/p>\n<h3 style=\"text-align: justify;\">Wprowadzanie danych<\/h3>\n<p style=\"text-align: justify;\">Aby dokona\u0107 oblicze\u0144 z u\u017cyciem kalkulatora finansowego u\u017cytkownik musi w pierwszej kolejno\u015bci uzupe\u0142ni\u0107 okre\u015blone wymagane pola, tj.:<\/p>\n<h4 style=\"text-align: justify;\">1. Inwestycja<\/h4>\n<p style=\"text-align: justify;\">Warto\u015b\u0107 pocz\u0105tkowej inwestycji mo\u017cna wprowadzi\u0107 na dwa sposoby:<\/p>\n<ol style=\"text-align: justify;\">\n<li>Poprzez uzupe\u0142nienie stosownego pola. Warto\u015bci wprowadzone w inne pola tej kategorii zostan\u0105 zignorowane.<\/li>\n<li>Poprzez wybranie przycisku \u201e+\u201d znajduj\u0105cego si\u0119 w g\u00f3rnym prawym roku, co spowoduje wy\u015bwietlenie tabeli. Ka\u017cd\u0105 warto\u015b\u0107 mo\u017cna wprowadzi\u0107 oddzielnie, a warto\u015b\u0107 inwestycji og\u00f3\u0142em zostanie obliczona automatycznie.<\/li>\n<\/ol>\n<h4 style=\"text-align: justify;\">2. Koszty zmienne us\u0142ugi<\/h4>\n<p style=\"text-align: justify;\">Warto\u015b\u0107 koszt\u00f3w zmiennych us\u0142ugi mo\u017cna wprowadzi\u0107 na dwa sposoby:<\/p>\n<ol style=\"text-align: justify;\">\n<li>Poprzez uzupe\u0142nienie stosownego pola. Warto\u015bci wprowadzone w inne pola tej kategorii zostan\u0105 zignorowane.<\/li>\n<li>Poprzez wybranie przycisku \u201e+\u201d znajduj\u0105cego si\u0119 w g\u00f3rnym prawym roku, co spowoduje wy\u015bwietlenie tabeli. Ka\u017cd\u0105 warto\u015b\u0107 mo\u017cna wprowadzi\u0107 oddzielnie, a warto\u015b\u0107 koszt\u00f3w zmiennych us\u0142ugi og\u00f3\u0142em zostanie obliczona automatycznie.<\/li>\n<\/ol>\n<h4 style=\"text-align: justify;\">3. Koszty sta\u0142e (w skali roku)<\/h4>\n<p style=\"text-align: justify;\">Roczne koszty sta\u0142e mo\u017cna wprowadzi\u0107 na trzy sposoby:<\/p>\n<ol style=\"text-align: justify;\">\n<li>Poprzez uzupe\u0142nienie stosownego pola. Warto\u015bci wprowadzone w inne pola tej kategorii zostan\u0105 zignorowane.<\/li>\n<li>Poprzez wprowadzenie koszt\u00f3w sta\u0142ych w poszczeg\u00f3lnych miesi\u0105cach w odpowiednie pola. Roczne koszty sta\u0142e zostan\u0105 obliczone automatycznie. Warto\u015bci wprowadzone w inne pola tej kategorii zostan\u0105 zignorowane.<\/li>\n<li>Poprzez wybranie przycisku \u201e+\u201d znajduj\u0105cego si\u0119 w g\u00f3rnym prawym roku, co spowoduje wy\u015bwietlenie tabeli. Ka\u017cd\u0105 warto\u015b\u0107 (dla danego miesi\u0105ca) mo\u017cna wprowadzi\u0107 oddzielnie, a warto\u015b\u0107 koszt\u00f3w zmiennych us\u0142ugi (w miesi\u0105cu i w skali roku) og\u00f3\u0142em zostanie obliczona automatycznie.<\/li>\n<\/ol>\n<p style=\"text-align: justify;\">Nale\u017cy pami\u0119ta\u0107, \u017ce wy\u0142\u0105cznie ostatnio wprowadzane zmiany s\u0105 brane pod uwag\u0119 przy obliczeniach. Przyk\u0142adowo, je\u017celi zmieniona zostanie warto\u015b\u0107 og\u00f3\u0142em (tj. suma warto\u015bci wprowadzonych do tabeli poni\u017cej), w\u00f3wczas warto\u015bci szczeg\u00f3\u0142owe zostan\u0105 usuni\u0119te w celu zachowania sp\u00f3jno\u015bci z wy\u015bwietlonymi danymi.<\/p>\n<h4 style=\"text-align: justify;\">4. \u015arednia liczba klient\u00f3w w skali roku<\/h4>\n<p style=\"text-align: justify;\">\u015aredni\u0105 liczb\u0119 klient\u00f3w w skali roku mo\u017cna wprowadzi\u0107 oddzielnie dla poszczeg\u00f3lnych lat w odpowiednich polach tekstowych. Mo\u017cliwe jest jednak wprowadzenie warto\u015bci dla wszystkich lat. W tym celu nale\u017cy wybra\u0107 przycisk znajduj\u0105cy si\u0119 obok etykiety tekstowej, wskutek czego na ekranie pojawi si\u0119 ma\u0142e okienko. W okienku tym nale\u017cy wprowadzi\u0107 w\u0142a\u015bciw\u0105 liczb\u0119. Tak wprowadzona warto\u015b\u0107 automatycznie pojawi si\u0119 we wszystkich powi\u0105zanych polach.<\/p>\n<h4 style=\"text-align: justify;\">5. Cena<\/h4>\n<p style=\"text-align: justify;\">Cen\u0119 (us\u0142ugi) mo\u017cna wprowadzi\u0107 oddzielnie dla ka\u017cdego roku. Mo\u017cliwe jest jednak wprowadzenie warto\u015bci dla wszystkich lat (w spos\u00f3b podobny do tego, przedstawionego powy\u017cej dla \u015bredniej liczby klient\u00f3w w roku). <\/p>\n<h4 style=\"text-align: justify;\">6. Wysoko\u015b\u0107 upustu<\/h4>\n<p style=\"text-align: justify;\">Wysoko\u015b\u0107 upustu nale\u017cy wprowadzi\u0107 w odpowiednie pole. Warto\u015b\u0107 ta jest niezb\u0119dna na potrzeby automatycznych oblicze\u0144.<\/p>\n<h3 style=\"text-align: justify;\">Ustawienia<\/h3>\n<p style=\"text-align: justify;\">Po wybraniu przycisku \u201eUstawienia\u201d na ekranie pojawi si\u0119 ma\u0142e okienko, kt\u00f3re umo\u017cliwia zmian\u0119 liczby lat wy\u015bwietlanych w kalkulatorze i uwzgl\u0119dnianych w obliczeniach. Kalkulator finansowy zaktualizuje si\u0119 automatycznie po wprowadzeniu zmian w tym okienku.<\/p>\n<h3 style=\"text-align: justify;\">Drukowanie<\/h3>\n<p style=\"text-align: justify;\">Przycisk \u201eDrukuj\u201d daje mo\u017cliwo\u015b\u0107 wygenerowania pliku w formacie PDF i jego wydrukowania. W pliku zostan\u0105 uwzgl\u0119dnione wy\u015bwietlone dane. Nale\u017cy pami\u0119ta\u0107, \u017ce plik zostanie wygenerowany tylko wtedy, gdy uzupe\u0142niono wszystkie pola.<\/p>\n<h3 style=\"text-align: justify;\">Excel<\/h3>\n<p style=\"text-align: justify;\">Przycisk \u201eExcel\u201d daje mo\u017cliwo\u015b\u0107 wyeksportowania wy\u015bwietlonych danych do arkusza kalkulacyjnego. Nale\u017cy pami\u0119ta\u0107, \u017ce na potrzeby obliczenia warto\u015bci NPV i IRR podanych w wygenerowanym pliku zastosowano funkcje MS Excel. Nale\u017cy pami\u0119ta\u0107, \u017ce plik zostanie wygenerowany tylko wtedy, gdy uzupe\u0142niono wszystkie pola.<\/p>\n<h3 style=\"text-align: justify;\">Kasowanie<\/h3>\n<p style=\"text-align: justify;\">Po wybraniu przycisku \u201eReset\u201d wprowadzone w formularzu dane zostan\u0105 usuni\u0119te, a kalkulator finansowy zostanie przywr\u00f3cony do swojej pierwotnej formy.<\/p>\n<h3 style=\"text-align: justify;\">Przyk\u0142ady<\/h3>\n<p style=\"text-align: justify;\">Kalkulator finansowy umo\u017cliwia wype\u0142nianie formularza danymi na dwa sposoby. Po wybraniu przycisku \u201ePrzyk\u0142ad 1\u201d lub \u201ePrzyk\u0142ad 2\u201d warto\u015b\u0107 tych p\u00f3l zostanie oszacowana z u\u017cyciem okre\u015blonych warto\u015bci, a obliczenie zostanie zako\u0144czone.<\/p>\n<h3 style=\"text-align: justify;\">Uwagi:<\/h3>\n<p style=\"text-align: justify;\">&#8211; Okres zwrotu z inwestycji jest szacowany przy za\u0142o\u017ceniu, \u017ce rok trwa 365 dni.<br \/>&#8211; Pobieranie plik\u00f3w (PDF lub Excel) mo\u017ce wi\u0105za\u0107 si\u0119 z konieczno\u015bci\u0105 odblokowania w wyszukiwarce opcji wyskakuj\u0105cych okienek.<\/p>\n<p>[\/et_pb_text][\/et_pb_column][\/et_pb_row][\/et_pb_section][et_pb_section fb_built=&#8221;1&#8243; _builder_version=&#8221;4.9.2&#8243; _module_preset=&#8221;default&#8221; background_color=&#8221;#848484&#8243; use_background_color_gradient=&#8221;on&#8221; background_color_gradient_start=&#8221;rgba(0,0,0,0.51)&#8221; background_color_gradient_end=&#8221;rgba(0,0,0,0.83)&#8221; custom_padding=&#8221;||0px|||&#8221; locked=&#8221;off&#8221; global_colors_info=&#8221;{}&#8221;][et_pb_row column_structure=&#8221;3_4,1_4&#8243; _builder_version=&#8221;4.9.2&#8243; _module_preset=&#8221;default&#8221; custom_padding=&#8221;6px||0px|||&#8221; animation_style=&#8221;fade&#8221; animation_duration=&#8221;600ms&#8221; locked=&#8221;off&#8221; global_colors_info=&#8221;{}&#8221;][et_pb_column type=&#8221;3_4&#8243; _builder_version=&#8221;4.9.2&#8243; _module_preset=&#8221;default&#8221; global_colors_info=&#8221;{}&#8221;][et_pb_image src=&#8221;https:\/\/probm2.cti.ugal.ro\/site1\/wp-content\/uploads\/2021\/03\/erasmus.png&#8221; _builder_version=&#8221;4.9.2&#8243; _module_preset=&#8221;default&#8221; max_width=&#8221;20em&#8221; global_colors_info=&#8221;{}&#8221;][\/et_pb_image][et_pb_text _builder_version=&#8221;4.9.2&#8243; _module_preset=&#8221;default&#8221; text_font=&#8221;Montserrat||||||||&#8221; text_text_color=&#8221;#e09900&#8243; text_font_size=&#8221;1.2em&#8221; text_line_height=&#8221;1.6em&#8221; custom_margin=&#8221;-15px|||||&#8221; locked=&#8221;off&#8221; global_colors_info=&#8221;{}&#8221;]<\/p>\n<p style=\"text-align: justify;\"><strong>ERASMUS+ KA2 Strategic Partnerships for adult education Poland<\/strong><br \/>\n<span style=\"font-size: 0.85em;\">Projekt \u201eZrozumienie i opracowanie modeli biznesowych w erze globalizacji\u201d (Numer 2019-1-PL01-KA204-064951) zosta\u0142 zrealizowany przy wsparciu finansowym funduszy Komisji Europejskiej w ramach programu Erasmus+. Strona internetowa oraz materia\u0142y na niej zawarte odzwierciedlaj\u0105 jedynie stanowisko jej autor\u00f3w i Komisja Europejska oraz Narodowa Agencja Programu Erasmus+ nie ponosz\u0105 odpowiedzialno\u015bci za jej zawarto\u015b\u0107 merytoryczn\u0105.<\/span><\/p>\n<p>[\/et_pb_text][\/et_pb_column][et_pb_column type=&#8221;1_4&#8243; _builder_version=&#8221;4.9.2&#8243; _module_preset=&#8221;default&#8221; global_colors_info=&#8221;{}&#8221;][et_pb_text _builder_version=&#8221;4.14.7&#8243; _module_preset=&#8221;default&#8221; text_font=&#8221;Montserrat|600|||||||&#8221; text_text_color=&#8221;#E09900&#8243; text_font_size=&#8221;1.1em&#8221; min_height=&#8221;7px&#8221; custom_padding=&#8221;1em||0px|1px|false|false&#8221; hover_enabled=&#8221;0&#8243; global_colors_info=&#8221;{}&#8221; sticky_enabled=&#8221;0&#8243;]<\/p>\n<p style=\"text-align: left;\">PROJEKT<\/p>\n<p>[\/et_pb_text][et_pb_menu menu_id=&#8221;28&#8243; submenu_direction=&#8221;upwards&#8221; active_link_color=&#8221;#e0b047&#8243; admin_label=&#8221;ABOUT&#8221; _builder_version=&#8221;4.9.2&#8243; _module_preset=&#8221;default&#8221; menu_font=&#8221;Montserrat|600|||||||&#8221; menu_text_color=&#8221;#E09900&#8243; background_color=&#8221;RGBA(0,0,0,0)&#8221; text_orientation=&#8221;right&#8221; module_alignment=&#8221;left&#8221; custom_margin=&#8221;-0.5em||||false|false&#8221; global_colors_info=&#8221;{}&#8221;][\/et_pb_menu][\/et_pb_column][\/et_pb_row][et_pb_row _builder_version=&#8221;4.9.2&#8243; _module_preset=&#8221;default&#8221; global_colors_info=&#8221;{}&#8221;][et_pb_column type=&#8221;4_4&#8243; _builder_version=&#8221;4.9.2&#8243; _module_preset=&#8221;default&#8221; global_colors_info=&#8221;{}&#8221;][et_pb_text _builder_version=&#8221;4.9.2&#8243; _module_preset=&#8221;default&#8221; text_font=&#8221;Montserrat||||||||&#8221; text_text_color=&#8221;#E09900&#8243; text_font_size=&#8221;1.02em&#8221; global_colors_info=&#8221;{}&#8221;]<\/p>\n<p style=\"text-align: center;\">Copyright @2021 &#8211; <a href=\"http:\/\/businessmodels.eu\" target=\"_blank\" rel=\"noopener\" title=\"businessmodels.eu\">businessmodels.eu<\/a><\/p>\n<p>[\/et_pb_text][\/et_pb_column][\/et_pb_row][\/et_pb_section]<\/p>\n","protected":false},"excerpt":{"rendered":"<p>KALKULATOR FINANSOWYKalkulator finansowy &nbsp;Instrukcje dotycz\u0105ce zastosowania kalkulatora finansowego Kalkulator finansowy umo\u017cliwia szybkie obliczenie warto\u015bci bie\u017c\u0105cej netto (NPV), wewn\u0119trznej stopy zwrotu (IRR) oraz oszacowanie terminu osi\u0105gni\u0119cia zwrotu z inwestycji. Obliczenia s\u0105 przeprowadzane automatycznie po uzupe\u0142nieniu przez u\u017cytkownika wszystkich wymaganych p\u00f3l. Wprowadzone w pole warto\u015bci zostaj\u0105 zatwierdzone po naci\u015bni\u0119ciu klawisza \u201eEnter\u201d lub przej\u015bciu do innego pola lub [&hellip;]<\/p>\n","protected":false},"author":1,"featured_media":0,"parent":0,"menu_order":0,"comment_status":"closed","ping_status":"closed","template":"","meta":{"_et_pb_use_builder":"on","_et_pb_old_content":"","_et_gb_content_width":""},"folder":[126],"_links":{"self":[{"href":"https:\/\/probm2.cti.ugal.ro\/site\/wp-json\/wp\/v2\/pages\/9255"}],"collection":[{"href":"https:\/\/probm2.cti.ugal.ro\/site\/wp-json\/wp\/v2\/pages"}],"about":[{"href":"https:\/\/probm2.cti.ugal.ro\/site\/wp-json\/wp\/v2\/types\/page"}],"author":[{"embeddable":true,"href":"https:\/\/probm2.cti.ugal.ro\/site\/wp-json\/wp\/v2\/users\/1"}],"replies":[{"embeddable":true,"href":"https:\/\/probm2.cti.ugal.ro\/site\/wp-json\/wp\/v2\/comments?post=9255"}],"version-history":[{"count":45,"href":"https:\/\/probm2.cti.ugal.ro\/site\/wp-json\/wp\/v2\/pages\/9255\/revisions"}],"predecessor-version":[{"id":16480,"href":"https:\/\/probm2.cti.ugal.ro\/site\/wp-json\/wp\/v2\/pages\/9255\/revisions\/16480"}],"wp:attachment":[{"href":"https:\/\/probm2.cti.ugal.ro\/site\/wp-json\/wp\/v2\/media?parent=9255"}],"wp:term":[{"taxonomy":"folder","embeddable":true,"href":"https:\/\/probm2.cti.ugal.ro\/site\/wp-json\/wp\/v2\/folder?post=9255"}],"curies":[{"name":"wp","href":"https:\/\/api.w.org\/{rel}","templated":true}]}}