{"id":9344,"date":"2022-01-19T14:40:38","date_gmt":"2022-01-19T12:40:38","guid":{"rendered":"https:\/\/probm2.cti.ugal.ro\/site\/?page_id=9344"},"modified":"2022-02-01T19:24:06","modified_gmt":"2022-02-01T17:24:06","slug":"bmc-editor","status":"publish","type":"page","link":"https:\/\/probm2.cti.ugal.ro\/site\/pl\/bmc-editor\/","title":{"rendered":"Edytor Schemat Modelu Biznesowego"},"content":{"rendered":"<p>[et_pb_section fb_built=&#8221;1&#8243; _builder_version=&#8221;4.9.2&#8243; _module_preset=&#8221;default&#8221; background_color=&#8221;#fce8d4&#8243; background_color_gradient_direction=&#8221;138deg&#8221; background_image=&#8221;https:\/\/probm2.cti.ugal.ro\/site\/wp-content\/uploads\/2021\/03\/bmcanvas.jpg&#8221; width=&#8221;100%&#8221; min_height=&#8221;24em&#8221; custom_padding=&#8221;||0px|||&#8221; animation_style=&#8221;fade&#8221; animation_duration=&#8221;750ms&#8221; global_colors_info=&#8221;{}&#8221;][et_pb_row column_structure=&#8221;2_3,1_3&#8243; _builder_version=&#8221;4.9.2&#8243; _module_preset=&#8221;default&#8221; custom_padding=&#8221;2em||1em||false|false&#8221; global_colors_info=&#8221;{}&#8221;][et_pb_column type=&#8221;2_3&#8243; _builder_version=&#8221;4.9.2&#8243; _module_preset=&#8221;default&#8221; global_colors_info=&#8221;{}&#8221;][et_pb_text _builder_version=&#8221;4.9.2&#8243; _module_preset=&#8221;default&#8221; text_font=&#8221;Montserrat||||||||&#8221; text_text_color=&#8221;#e8e8e8&#8243; text_font_size=&#8221;2.2em&#8221; text_line_height=&#8221;1.6em&#8221; header_font=&#8221;Montserrat||||||||&#8221; background_color=&#8221;RGBA(0,0,0,0)&#8221; use_background_color_gradient=&#8221;on&#8221; background_color_gradient_start=&#8221;rgba(0,0,0,0.58)&#8221; background_color_gradient_end=&#8221;rgba(0,0,0,0.64)&#8221; text_orientation=&#8221;center&#8221; custom_margin=&#8221;||||false|false&#8221; custom_padding=&#8221;1em|1em|1em|1em|true|true&#8221; animation_style=&#8221;zoom&#8221; animation_duration=&#8221;600ms&#8221; animation_intensity_zoom=&#8221;72%&#8221; border_radii=&#8221;on|15px|15px|15px|15px&#8221; global_colors_info=&#8221;{}&#8221;]<\/p>\n<p><strong>EDYTOR SCHEMAT MODELU BIZNESOWEGO<\/strong><\/p>\n<p>[\/et_pb_text][\/et_pb_column][et_pb_column type=&#8221;1_3&#8243; _builder_version=&#8221;4.9.2&#8243; _module_preset=&#8221;default&#8221; global_colors_info=&#8221;{}&#8221;][\/et_pb_column][\/et_pb_row][et_pb_row column_structure=&#8221;1_4,1_4,1_4,1_4&#8243; _builder_version=&#8221;4.9.2&#8243; _module_preset=&#8221;default&#8221; animation_style=&#8221;zoom&#8221; animation_duration=&#8221;500ms&#8221; animation_delay=&#8221;1300ms&#8221; locked=&#8221;off&#8221; global_colors_info=&#8221;{}&#8221;][et_pb_column type=&#8221;1_4&#8243; _builder_version=&#8221;4.9.2&#8243; _module_preset=&#8221;default&#8221; global_colors_info=&#8221;{}&#8221;][\/et_pb_column][et_pb_column type=&#8221;1_4&#8243; _builder_version=&#8221;4.9.2&#8243; _module_preset=&#8221;default&#8221; global_colors_info=&#8221;{}&#8221;][\/et_pb_column][et_pb_column type=&#8221;1_4&#8243; _builder_version=&#8221;4.9.2&#8243; _module_preset=&#8221;default&#8221; global_colors_info=&#8221;{}&#8221;][\/et_pb_column][et_pb_column type=&#8221;1_4&#8243; _builder_version=&#8221;4.9.2&#8243; _module_preset=&#8221;default&#8221; global_colors_info=&#8221;{}&#8221;][et_pb_button button_url=&#8221;#link1&#8243; button_text=&#8221;Instrukcje&#8221; button_alignment=&#8221;center&#8221; admin_label=&#8221;Button&#8221; _builder_version=&#8221;4.9.2&#8243; _module_preset=&#8221;default&#8221; global_colors_info=&#8221;{}&#8221;][\/et_pb_button][\/et_pb_column][\/et_pb_row][\/et_pb_section][et_pb_section fb_built=&#8221;1&#8243; _builder_version=&#8221;4.9.2&#8243; _module_preset=&#8221;default&#8221; background_color=&#8221;RGBA(0,0,0,0)&#8221; use_background_color_gradient=&#8221;on&#8221; background_color_gradient_start=&#8221;rgba(0,0,0,0)&#8221; background_color_gradient_end=&#8221;rgba(0,0,0,0)&#8221; background_color_gradient_direction=&#8221;115deg&#8221; custom_padding=&#8221;0px||0px||true|false&#8221; global_colors_info=&#8221;{}&#8221;][et_pb_row _builder_version=&#8221;4.9.2&#8243; _module_preset=&#8221;default&#8221; custom_padding=&#8221;18px||9px||false|false&#8221; global_colors_info=&#8221;{}&#8221;][et_pb_column type=&#8221;4_4&#8243; _builder_version=&#8221;4.9.2&#8243; _module_preset=&#8221;default&#8221; global_colors_info=&#8221;{}&#8221;][et_pb_text _builder_version=&#8221;4.9.2&#8243; _module_preset=&#8221;default&#8221; text_font=&#8221;Montserrat|600|||||||&#8221; text_line_height=&#8221;1em&#8221; custom_margin=&#8221;0px||0px||false|false&#8221; custom_padding=&#8221;34px||0px||false|false&#8221; animation_style=&#8221;slide&#8221; animation_direction=&#8221;bottom&#8221; animation_duration=&#8221;700ms&#8221; animation_delay=&#8221;1000ms&#8221; global_colors_info=&#8221;{}&#8221;]<\/p>\n<h2>Edytor Schemat Modelu Biznesowego<\/h2>\n<p>&nbsp;<\/p>\n<p>[\/et_pb_text][\/et_pb_column][\/et_pb_row][\/et_pb_section][et_pb_section fb_built=&#8221;1&#8243; fullwidth=&#8221;on&#8221; _builder_version=&#8221;4.9.2&#8243; _module_preset=&#8221;default&#8221; background_color=&#8221;RGBA(0,0,0,0)&#8221; animation_style=&#8221;zoom&#8221; animation_direction=&#8221;bottom&#8221; animation_duration=&#8221;500ms&#8221; animation_delay=&#8221;300ms&#8221; global_colors_info=&#8221;{}&#8221;][et_pb_fullwidth_code admin_label=&#8221;Fullwidth Code&#8221; module_class=&#8221;bmc-table&#8221; _builder_version=&#8221;4.9.2&#8243; _module_preset=&#8221;default&#8221; custom_margin=&#8221;||5em||false|false&#8221; custom_padding=&#8221;0px|4px|0px|4px|true|true&#8221; global_colors_info=&#8221;{}&#8221;]<\/p>\n<div id=\"fincalc\" class=\"fincalc\"><!-- [et_pb_line_break_holder] -->  <!-- [et_pb_line_break_holder] --><\/div>\n<p><!-- [et_pb_line_break_holder] --><a id=\"link1\"><\/a><!-- [et_pb_line_break_holder] --><script><!-- [et_pb_line_break_holder] -->function loadjscssfile(filename, filetype){<!-- [et_pb_line_break_holder] -->    if (filetype==\"js\"){ <!-- [et_pb_line_break_holder] -->        var fileref=document.createElement('script')<!-- [et_pb_line_break_holder] -->        fileref.setAttribute(\"type\",\"text\/javascript\")<!-- [et_pb_line_break_holder] -->        fileref.setAttribute(\"src\", filename)<!-- [et_pb_line_break_holder] -->    }<!-- [et_pb_line_break_holder] -->    else if (filetype==\"css\"){ <!-- [et_pb_line_break_holder] -->        var fileref=document.createElement(\"link\")<!-- [et_pb_line_break_holder] -->        fileref.setAttribute(\"rel\", \"stylesheet\")<!-- [et_pb_line_break_holder] -->        fileref.setAttribute(\"type\", \"text\/css\")<!-- [et_pb_line_break_holder] -->        fileref.setAttribute(\"href\", filename)<!-- [et_pb_line_break_holder] -->    }<!-- [et_pb_line_break_holder] -->    if (typeof fileref!=\"undefined\")<!-- [et_pb_line_break_holder] -->        document.getElementsByTagName(\"head\")[0].appendChild(fileref);<!-- [et_pb_line_break_holder] -->}<!-- [et_pb_line_break_holder] -->  jQuery(document).ready(function($) {    <!-- [et_pb_line_break_holder] -->    $.ajax({<!-- [et_pb_line_break_holder] -->        method: \"POST\",<!-- [et_pb_line_break_holder] -->        url: \"\/fincalc\/bmceditor_pl.php\",<!-- [et_pb_line_break_holder] -->        data: { idItem : 1},<!-- [et_pb_line_break_holder] -->        success: function(data) {            <!-- [et_pb_line_break_holder] -->            var arr = $.parseJSON(data);<!-- [et_pb_line_break_holder] -->          \t$(\"#fincalc\").html(arr['html']);          \t<!-- [et_pb_line_break_holder] -->          \t\/\/loadjscssfile(\"\/fincalc\/libs\/select2\/js\/select2.full.min.js\",\"js\");<!-- [et_pb_line_break_holder] -->          \t\/\/loadjscssfile(\"\/fincalc\/libs\/select2\/maximize-select2-height.min.js\",\"js\");<!-- [et_pb_line_break_holder] -->          \t\/\/loadjscssfile(\"\/fincalc\/libs\/currency.js\",\"js\");<!-- [et_pb_line_break_holder] -->          \tloadjscssfile(\"\/fincalc\/libs\/tipped\/js\/tipped.min.js\",\"js\");<!-- [et_pb_line_break_holder] -->          \t\/\/loadjscssfile(\"\/fincalc\/libs\/select2\/css\/select2.min.css\",\"css\");<!-- [et_pb_line_break_holder] -->          \tloadjscssfile(\"\/fincalc\/fonts\/awesome\/css\/all.css\",\"css\");<!-- [et_pb_line_break_holder] -->          \t\/\/loadjscssfile(\"\/fincalc\/fonts\/sourcesanspro\/sourcesanspro.css\",\"css\");<!-- [et_pb_line_break_holder] -->          \tloadjscssfile(\"\/fincalc\/libs\/tipped\/css\/tipped.css\",\"css\");<!-- [et_pb_line_break_holder] -->          \tloadjscssfile(\"\/fincalc\/bmceditor.css\",\"css\");<!-- [et_pb_line_break_holder] -->          \tloadjscssfile(\"\/fincalc\/bmceditor_pl.js\",\"js\");<!-- [et_pb_line_break_holder] -->        }<!-- [et_pb_line_break_holder] -->    });<!-- [et_pb_line_break_holder] --><!-- [et_pb_line_break_holder] -->})<\/script>[\/et_pb_fullwidth_code][\/et_pb_section][et_pb_section fb_built=&#8221;1&#8243; _builder_version=&#8221;4.9.2&#8243; _module_preset=&#8221;default&#8221; background_color=&#8221;RGBA(0,0,0,0)&#8221; custom_margin=&#8221;-1px|||||&#8221; custom_padding=&#8221;6px|||||&#8221; animation_style=&#8221;zoom&#8221; animation_duration=&#8221;700ms&#8221; animation_delay=&#8221;500ms&#8221; global_colors_info=&#8221;{}&#8221;][et_pb_row _builder_version=&#8221;4.9.2&#8243; _module_preset=&#8221;default&#8221; custom_padding=&#8221;50px|||||&#8221; animation_style=&#8221;zoom&#8221; animation_duration=&#8221;500ms&#8221; global_colors_info=&#8221;{}&#8221;][et_pb_column type=&#8221;4_4&#8243; _builder_version=&#8221;4.9.2&#8243; _module_preset=&#8221;default&#8221; global_colors_info=&#8221;{}&#8221;][et_pb_text _builder_version=&#8221;4.9.2&#8243; _module_preset=&#8221;default&#8221; global_colors_info=&#8221;{}&#8221;]<\/p>\n<h2 style=\"text-align: justify;\"><strong>Instruction for using the Business Model Canvas editor<\/strong><\/h2>\n<p style=\"text-align: justify;\">Input the data in the text areas. These areas can be resized vertically to fit their content so scrolling can be avoided.<\/p>\n<p style=\"text-align: justify;\">Use the &#8220;Print&#8221; button to generate a PDF file of the Business Model Canvas.<\/p>\n<p style=\"text-align: justify;\">The &#8220;Reset&#8221; button clears all the texts in all the fields.<\/p>\n<h3 style=\"text-align: justify;\">Notes:<\/h3>\n<p style=\"text-align: justify;\">&#8211; Downloading the file from the site (PDF) may ask you to allow for pop-up windows in the browser you are using.<\/p>\n<p style=\"text-align: justify;\">&#8211; In the generated file the font size in the cells will be reduced, if necessary, to allow the entire canvas to fit in one single page.<\/p>\n<p>[\/et_pb_text][\/et_pb_column][\/et_pb_row][\/et_pb_section][et_pb_section fb_built=&#8221;1&#8243; _builder_version=&#8221;4.9.2&#8243; _module_preset=&#8221;default&#8221; background_color=&#8221;#848484&#8243; use_background_color_gradient=&#8221;on&#8221; background_color_gradient_start=&#8221;rgba(0,0,0,0.51)&#8221; background_color_gradient_end=&#8221;rgba(0,0,0,0.83)&#8221; custom_padding=&#8221;||0px|||&#8221; locked=&#8221;off&#8221; global_colors_info=&#8221;{}&#8221;][et_pb_row column_structure=&#8221;3_4,1_4&#8243; _builder_version=&#8221;4.9.2&#8243; _module_preset=&#8221;default&#8221; custom_padding=&#8221;6px||0px|||&#8221; animation_style=&#8221;fade&#8221; animation_duration=&#8221;600ms&#8221; locked=&#8221;off&#8221; global_colors_info=&#8221;{}&#8221;][et_pb_column type=&#8221;3_4&#8243; _builder_version=&#8221;4.9.2&#8243; _module_preset=&#8221;default&#8221; global_colors_info=&#8221;{}&#8221;][et_pb_image src=&#8221;https:\/\/probm2.cti.ugal.ro\/site1\/wp-content\/uploads\/2021\/03\/erasmus.png&#8221; _builder_version=&#8221;4.9.2&#8243; _module_preset=&#8221;default&#8221; max_width=&#8221;20em&#8221; global_colors_info=&#8221;{}&#8221;][\/et_pb_image][et_pb_text _builder_version=&#8221;4.9.2&#8243; _module_preset=&#8221;default&#8221; text_font=&#8221;Montserrat||||||||&#8221; text_text_color=&#8221;#e09900&#8243; text_font_size=&#8221;1.2em&#8221; text_line_height=&#8221;1.6em&#8221; custom_margin=&#8221;-15px|||||&#8221; locked=&#8221;off&#8221; global_colors_info=&#8221;{}&#8221;]<\/p>\n<p style=\"text-align: justify;\"><strong>ERASMUS+ KA2 Strategic Partnerships for adult education Poland<\/strong><br \/>\n<span style=\"font-size: 0.85em;\">Projekt \u201eZrozumienie i opracowanie modeli biznesowych w erze globalizacji\u201d (Numer 2019-1-PL01-KA204-064951) zosta\u0142 zrealizowany przy wsparciu finansowym funduszy Komisji Europejskiej w ramach programu Erasmus+. Strona internetowa oraz materia\u0142y na niej zawarte odzwierciedlaj\u0105 jedynie stanowisko jej autor\u00f3w i Komisja Europejska oraz Narodowa Agencja Programu Erasmus+ nie ponosz\u0105 odpowiedzialno\u015bci za jej zawarto\u015b\u0107 merytoryczn\u0105.<\/span><\/p>\n<p>[\/et_pb_text][\/et_pb_column][et_pb_column type=&#8221;1_4&#8243; _builder_version=&#8221;4.9.2&#8243; _module_preset=&#8221;default&#8221; global_colors_info=&#8221;{}&#8221;][et_pb_text _builder_version=&#8221;4.14.7&#8243; _module_preset=&#8221;default&#8221; text_font=&#8221;Montserrat|600|||||||&#8221; text_text_color=&#8221;#E09900&#8243; text_font_size=&#8221;1.1em&#8221; min_height=&#8221;7px&#8221; custom_padding=&#8221;1em||0px|1px|false|false&#8221; hover_enabled=&#8221;0&#8243; global_colors_info=&#8221;{}&#8221; sticky_enabled=&#8221;0&#8243;]<\/p>\n<p style=\"text-align: left;\">PROJEKT<\/p>\n<p>[\/et_pb_text][et_pb_menu menu_id=&#8221;28&#8243; submenu_direction=&#8221;upwards&#8221; active_link_color=&#8221;#e0b047&#8243; admin_label=&#8221;ABOUT&#8221; _builder_version=&#8221;4.9.2&#8243; _module_preset=&#8221;default&#8221; menu_font=&#8221;Montserrat|600|||||||&#8221; menu_text_color=&#8221;#E09900&#8243; background_color=&#8221;RGBA(0,0,0,0)&#8221; text_orientation=&#8221;right&#8221; module_alignment=&#8221;left&#8221; custom_margin=&#8221;-0.5em||||false|false&#8221; global_colors_info=&#8221;{}&#8221;][\/et_pb_menu][\/et_pb_column][\/et_pb_row][et_pb_row _builder_version=&#8221;4.9.2&#8243; _module_preset=&#8221;default&#8221; global_colors_info=&#8221;{}&#8221;][et_pb_column type=&#8221;4_4&#8243; _builder_version=&#8221;4.9.2&#8243; _module_preset=&#8221;default&#8221; global_colors_info=&#8221;{}&#8221;][et_pb_text _builder_version=&#8221;4.9.2&#8243; _module_preset=&#8221;default&#8221; text_font=&#8221;Montserrat||||||||&#8221; text_text_color=&#8221;#E09900&#8243; text_font_size=&#8221;1.02em&#8221; global_colors_info=&#8221;{}&#8221;]<\/p>\n<p style=\"text-align: center;\">Copyright @2021 &#8211; <a href=\"http:\/\/businessmodels.eu\" target=\"_blank\" rel=\"noopener\" title=\"businessmodels.eu\">businessmodels.eu<\/a><\/p>\n<p>[\/et_pb_text][\/et_pb_column][\/et_pb_row][\/et_pb_section]<\/p>\n","protected":false},"excerpt":{"rendered":"<p>EDYTOR SCHEMAT MODELU BIZNESOWEGOEdytor Schemat Modelu Biznesowego &nbsp;Instruction for using the Business Model Canvas editor Input the data in the text areas. These areas can be resized vertically to fit their content so scrolling can be avoided. Use the &#8220;Print&#8221; button to generate a PDF file of the Business Model Canvas. The &#8220;Reset&#8221; button clears [&hellip;]<\/p>\n","protected":false},"author":1,"featured_media":0,"parent":0,"menu_order":0,"comment_status":"closed","ping_status":"closed","template":"","meta":{"_et_pb_use_builder":"on","_et_pb_old_content":"","_et_gb_content_width":""},"folder":[126],"_links":{"self":[{"href":"https:\/\/probm2.cti.ugal.ro\/site\/wp-json\/wp\/v2\/pages\/9344"}],"collection":[{"href":"https:\/\/probm2.cti.ugal.ro\/site\/wp-json\/wp\/v2\/pages"}],"about":[{"href":"https:\/\/probm2.cti.ugal.ro\/site\/wp-json\/wp\/v2\/types\/page"}],"author":[{"embeddable":true,"href":"https:\/\/probm2.cti.ugal.ro\/site\/wp-json\/wp\/v2\/users\/1"}],"replies":[{"embeddable":true,"href":"https:\/\/probm2.cti.ugal.ro\/site\/wp-json\/wp\/v2\/comments?post=9344"}],"version-history":[{"count":8,"href":"https:\/\/probm2.cti.ugal.ro\/site\/wp-json\/wp\/v2\/pages\/9344\/revisions"}],"predecessor-version":[{"id":16478,"href":"https:\/\/probm2.cti.ugal.ro\/site\/wp-json\/wp\/v2\/pages\/9344\/revisions\/16478"}],"wp:attachment":[{"href":"https:\/\/probm2.cti.ugal.ro\/site\/wp-json\/wp\/v2\/media?parent=9344"}],"wp:term":[{"taxonomy":"folder","embeddable":true,"href":"https:\/\/probm2.cti.ugal.ro\/site\/wp-json\/wp\/v2\/folder?post=9344"}],"curies":[{"name":"wp","href":"https:\/\/api.w.org\/{rel}","templated":true}]}}